{"id":84,"date":"2015-06-17T20:10:21","date_gmt":"2015-06-17T20:10:21","guid":{"rendered":"http:\/\/orthophonie-en-ligne.com\/?page_id=84"},"modified":"2020-12-14T22:31:52","modified_gmt":"2020-12-14T22:31:52","slug":"contactez-moi","status":"publish","type":"page","link":"https:\/\/orthophonie-en-ligne.com\/index.php\/teleorthophonie\/contactez-moi\/","title":{"rendered":"Contactez-moi"},"content":{"rendered":"<div id=\"pl-84\"  class=\"panel-layout\" ><div id=\"pg-84-0\"  class=\"panel-grid panel-no-style\" ><div id=\"pgc-84-0-0\"  class=\"panel-grid-cell\" ><div id=\"panel-84-0-0-0\" class=\"so-panel widget widget_black-studio-tinymce widget_black_studio_tinymce panel-first-child\" data-index=\"0\" ><div class=\"textwidget\"><p>\u00a0<\/p>\n<p>\u00a0<\/p>\n<p><a href=\"http:\/\/orthophonie-en-ligne.com\/wp-content\/uploads\/2015\/06\/zenergym-skype.jpg\"><img loading=\"lazy\" decoding=\"async\" class=\"aligncenter size-full wp-image-465\" src=\"http:\/\/orthophonie-en-ligne.com\/wp-content\/uploads\/2015\/06\/zenergym-skype.jpg\" alt=\"zenergym-skype\" width=\"283\" height=\"190\" srcset=\"https:\/\/orthophonie-en-ligne.com\/wp-content\/uploads\/2015\/06\/zenergym-skype.jpg 283w, https:\/\/orthophonie-en-ligne.com\/wp-content\/uploads\/2015\/06\/zenergym-skype-272x182.jpg 272w\" sizes=\"auto, (max-width: 283px) 100vw, 283px\" \/><\/a><\/p>\n<p style=\"text-align: center;\"><strong><span style=\"color: #0000ff;\">S\u00e9ance d'orthophonie<\/span><\/strong><\/p>\n<p style=\"text-align: center;\"><strong><span style=\"color: #0000ff;\"> VIA INTERNET<br \/><\/span><\/strong><\/p>\n<p style=\"text-align: center;\"><span style=\"color: #3366ff;\">sur une plateforme hautement disponible qui garantit le plus haut niveau de s\u00e9curit\u00e9.<\/span><\/p>\n<\/div><\/div><div id=\"panel-84-0-0-1\" class=\"so-panel widget widget_circleicon-widget panel-last-child\" data-index=\"1\" ><div class=\"panel-widget-style panel-widget-style-for-84-0-0-1\" >\t\t<div class=\"circle-icon-box circle-icon-position-top circle-icon-hide-box circle-icon-size-large\">\n\t\t\t<div class=\"circle-icon-wrapper\">\n\t\t\t\t\t\t\t\t<div class=\"circle-icon icon-style-set\" style=\"background-color: #0025e0\">\n\t\t\t\t\t<div class=\"fa fa-cloud icon-color-set\" ><\/div>\t\t\t\t<\/div>\n\t\t\t\t\t\t\t<\/div>\n\n\t\t\t\t\t\t\t\t\t\n\t\t\t\t\t\t\t\t<\/div>\n\t\t<\/div><\/div><\/div><div id=\"pgc-84-0-1\"  class=\"panel-grid-cell\" ><div id=\"panel-84-0-1-0\" class=\"so-panel widget widget_black-studio-tinymce widget_black_studio_tinymce panel-first-child panel-last-child\" data-index=\"2\" ><h3 class=\"widget-title\">Contactez-moi<\/h3><div class=\"textwidget\"><p>Vous pouvez compl\u00e9ter le formulaire ci-dessous<\/p>\n<p>et je vous contacterai au plus vite.<\/p>\n<p>\n<div class=\"wpcf7 no-js\" id=\"wpcf7-f88-o1\" lang=\"en-US\" dir=\"ltr\" data-wpcf7-id=\"88\">\n<div class=\"screen-reader-response\"><p role=\"status\" aria-live=\"polite\" aria-atomic=\"true\"><\/p> <ul><\/ul><\/div>\n<form action=\"\/index.php\/wp-json\/wp\/v2\/pages\/84#wpcf7-f88-o1\" method=\"post\" class=\"wpcf7-form init\" aria-label=\"Contact form\" novalidate=\"novalidate\" data-status=\"init\">\n<fieldset class=\"hidden-fields-container\"><input type=\"hidden\" name=\"_wpcf7\" value=\"88\" \/><input type=\"hidden\" name=\"_wpcf7_version\" value=\"6.1.5\" \/><input type=\"hidden\" name=\"_wpcf7_locale\" value=\"en_US\" \/><input type=\"hidden\" name=\"_wpcf7_unit_tag\" value=\"wpcf7-f88-o1\" \/><input type=\"hidden\" name=\"_wpcf7_container_post\" value=\"0\" \/><input type=\"hidden\" name=\"_wpcf7_posted_data_hash\" value=\"\" \/><input type=\"hidden\" name=\"_wpcf7_recaptcha_response\" value=\"\" \/>\n<\/fieldset>\n<p>Votre nom (requis)\n<\/p>\n<p><span class=\"wpcf7-form-control-wrap\" data-name=\"your-name\"><input size=\"40\" maxlength=\"400\" class=\"wpcf7-form-control wpcf7-text wpcf7-validates-as-required\" aria-required=\"true\" aria-invalid=\"false\" value=\"\" type=\"text\" name=\"your-name\" \/><\/span>\n<\/p>\n<p>Votre email (requis)\n<\/p>\n<p><span class=\"wpcf7-form-control-wrap\" data-name=\"your-email\"><input size=\"40\" maxlength=\"400\" class=\"wpcf7-form-control wpcf7-email wpcf7-validates-as-required wpcf7-text wpcf7-validates-as-email\" aria-required=\"true\" aria-invalid=\"false\" value=\"\" type=\"email\" name=\"your-email\" \/><\/span>\n<\/p>\n<p>Sujet (requis)\n<\/p>\n<p><span class=\"wpcf7-form-control-wrap\" data-name=\"your-subject\"><input size=\"40\" maxlength=\"400\" class=\"wpcf7-form-control wpcf7-text wpcf7-validates-as-required\" aria-required=\"true\" aria-invalid=\"false\" value=\"\" type=\"text\" name=\"your-subject\" \/><\/span>\n<\/p>\n<p>Your Message\n<\/p>\n<p><span class=\"wpcf7-form-control-wrap\" data-name=\"your-message\"><textarea cols=\"40\" rows=\"10\" maxlength=\"2000\" class=\"wpcf7-form-control wpcf7-textarea\" aria-invalid=\"false\" name=\"your-message\"><\/textarea><\/span>\n<\/p>\n<p><span id=\"wpcf7-69e0497654da5-wrapper\" class=\"wpcf7-form-control-wrap Websiteortho-wrap\" style=\"display:none !important; visibility:hidden !important;\"><label for=\"wpcf7-69e0497654da5-field\" class=\"hp-message\">Please leave this field empty.<\/label><input id=\"wpcf7-69e0497654da5-field\"  class=\"wpcf7-form-control wpcf7-text\" type=\"text\" name=\"Websiteortho\" value=\"\" size=\"40\" tabindex=\"-1\" autocomplete=\"new-password\" \/><\/span>\n<\/p>\n<p>\n<span class=\"wpcf7-form-control-wrap recaptcha\" data-name=\"recaptcha\"><span data-sitekey=\"6Le25hQaAAAAALtxEQtcv86yB7J2rOBbb3dWs9Oz\" class=\"wpcf7-form-control wpcf7-recaptcha g-recaptcha\"><\/span>\r\n<noscript>\r\n\t<div class=\"grecaptcha-noscript\">\r\n\t\t<iframe loading=\"lazy\" src=\"https:\/\/www.google.com\/recaptcha\/api\/fallback?k=6Le25hQaAAAAALtxEQtcv86yB7J2rOBbb3dWs9Oz\" frameborder=\"0\" scrolling=\"no\" width=\"310\" height=\"430\">\r\n\t\t<\/iframe>\r\n\t\t<textarea name=\"g-recaptcha-response\" rows=\"3\" cols=\"40\" placeholder=\"reCaptcha Response Here\">\r\n\t\t<\/textarea>\r\n\t<\/div>\r\n<\/noscript>\r\n<\/span>\n<\/p>\n<p><input class=\"wpcf7-form-control wpcf7-submit has-spinner\" type=\"submit\" value=\"Envoyer\" \/>\n<\/p><div class=\"wpcf7-response-output\" aria-hidden=\"true\"><\/div>\n<\/form>\n<\/div>\n<\/p>\n<p>&nbsp;<\/p>\n<\/div><\/div><\/div><\/div><\/div>","protected":false},"excerpt":{"rendered":"<p>\u00a0\u00a0S\u00e9ance d&#8217;orthophonie VIA INTERNETsur une plateforme hautement disponible qui garantit le plus haut niveau de s\u00e9curit\u00e9. Vous pouvez compl\u00e9ter le formulaire ci-dessous et je vous contacterai au plus vite. &nbsp;<\/p>\n","protected":false},"author":3,"featured_media":0,"parent":24,"menu_order":0,"comment_status":"open","ping_status":"closed","template":"home-panels.php","meta":{"footnotes":""},"class_list":["post-84","page","type-page","status-publish","hentry","post"],"yoast_head":"<!-- This site is optimized with the Yoast SEO plugin v27.1.1 - https:\/\/yoast.com\/product\/yoast-seo-wordpress\/ -->\n<title>Prendre rendez-vous avec une orthophoniste<\/title>\n<meta name=\"description\" content=\"Session orthophonique priv\u00e9e via skype aux \u00c9tats-Unis. Les DYS chez les enfants et adulte. RDV. Dyspraxie. Floride.langage, oral , \u00e9crit ,b\u00e9gaiement fluence.\" \/>\n<meta name=\"robots\" content=\"index, follow, max-snippet:-1, max-image-preview:large, max-video-preview:-1\" \/>\n<link rel=\"canonical\" href=\"https:\/\/orthophonie-en-ligne.com\/index.php\/teleorthophonie\/contactez-moi\/\" \/>\n<meta property=\"og:locale\" content=\"en_US\" \/>\n<meta property=\"og:type\" content=\"article\" \/>\n<meta property=\"og:title\" content=\"Prendre rendez-vous avec une orthophoniste\" \/>\n<meta property=\"og:description\" content=\"Session orthophonique priv\u00e9e via skype aux \u00c9tats-Unis. Les DYS chez les enfants et adulte. RDV. Dyspraxie. Floride.langage, oral , \u00e9crit ,b\u00e9gaiement fluence.\" \/>\n<meta property=\"og:url\" content=\"https:\/\/orthophonie-en-ligne.com\/index.php\/teleorthophonie\/contactez-moi\/\" \/>\n<meta property=\"og:site_name\" content=\"orthophonieenligne\" \/>\n<meta property=\"article:modified_time\" content=\"2020-12-14T22:31:52+00:00\" \/>\n<meta property=\"og:image\" content=\"http:\/\/orthophonie-en-ligne.com\/wp-content\/uploads\/2015\/06\/zenergym-skype.jpg\" \/>\n<meta name=\"twitter:card\" content=\"summary_large_image\" \/>\n<script type=\"application\/ld+json\" class=\"yoast-schema-graph\">{\"@context\":\"https:\/\/schema.org\",\"@graph\":[{\"@type\":\"WebPage\",\"@id\":\"https:\/\/orthophonie-en-ligne.com\/index.php\/teleorthophonie\/contactez-moi\/\",\"url\":\"https:\/\/orthophonie-en-ligne.com\/index.php\/teleorthophonie\/contactez-moi\/\",\"name\":\"Prendre rendez-vous avec une orthophoniste\",\"isPartOf\":{\"@id\":\"https:\/\/orthophonie-en-ligne.com\/#website\"},\"primaryImageOfPage\":{\"@id\":\"https:\/\/orthophonie-en-ligne.com\/index.php\/teleorthophonie\/contactez-moi\/#primaryimage\"},\"image\":{\"@id\":\"https:\/\/orthophonie-en-ligne.com\/index.php\/teleorthophonie\/contactez-moi\/#primaryimage\"},\"thumbnailUrl\":\"http:\/\/orthophonie-en-ligne.com\/wp-content\/uploads\/2015\/06\/zenergym-skype.jpg\",\"datePublished\":\"2015-06-17T20:10:21+00:00\",\"dateModified\":\"2020-12-14T22:31:52+00:00\",\"description\":\"Session orthophonique priv\u00e9e via skype aux \u00c9tats-Unis. Les DYS chez les enfants et adulte. RDV. Dyspraxie. Floride.langage, oral , \u00e9crit ,b\u00e9gaiement fluence.\",\"breadcrumb\":{\"@id\":\"https:\/\/orthophonie-en-ligne.com\/index.php\/teleorthophonie\/contactez-moi\/#breadcrumb\"},\"inLanguage\":\"en-US\",\"potentialAction\":[{\"@type\":\"ReadAction\",\"target\":[\"https:\/\/orthophonie-en-ligne.com\/index.php\/teleorthophonie\/contactez-moi\/\"]}]},{\"@type\":\"ImageObject\",\"inLanguage\":\"en-US\",\"@id\":\"https:\/\/orthophonie-en-ligne.com\/index.php\/teleorthophonie\/contactez-moi\/#primaryimage\",\"url\":\"http:\/\/orthophonie-en-ligne.com\/wp-content\/uploads\/2015\/06\/zenergym-skype.jpg\",\"contentUrl\":\"http:\/\/orthophonie-en-ligne.com\/wp-content\/uploads\/2015\/06\/zenergym-skype.jpg\"},{\"@type\":\"BreadcrumbList\",\"@id\":\"https:\/\/orthophonie-en-ligne.com\/index.php\/teleorthophonie\/contactez-moi\/#breadcrumb\",\"itemListElement\":[{\"@type\":\"ListItem\",\"position\":1,\"name\":\"Home\",\"item\":\"https:\/\/orthophonie-en-ligne.com\/\"},{\"@type\":\"ListItem\",\"position\":2,\"name\":\"Accueil\",\"item\":\"https:\/\/orthophonie-en-ligne.com\/\"},{\"@type\":\"ListItem\",\"position\":3,\"name\":\"Contactez-moi\"}]},{\"@type\":\"WebSite\",\"@id\":\"https:\/\/orthophonie-en-ligne.com\/#website\",\"url\":\"https:\/\/orthophonie-en-ligne.com\/\",\"name\":\"orthophonieenligne\",\"description\":\"T\u00e9l\u00e9 Orthophonie\",\"potentialAction\":[{\"@type\":\"SearchAction\",\"target\":{\"@type\":\"EntryPoint\",\"urlTemplate\":\"https:\/\/orthophonie-en-ligne.com\/?s={search_term_string}\"},\"query-input\":{\"@type\":\"PropertyValueSpecification\",\"valueRequired\":true,\"valueName\":\"search_term_string\"}}],\"inLanguage\":\"en-US\"}]}<\/script>\n<!-- \/ Yoast SEO plugin. -->","yoast_head_json":{"title":"Prendre rendez-vous avec une orthophoniste","description":"Session orthophonique priv\u00e9e via skype aux \u00c9tats-Unis. Les DYS chez les enfants et adulte. RDV. Dyspraxie. Floride.langage, oral , \u00e9crit ,b\u00e9gaiement fluence.","robots":{"index":"index","follow":"follow","max-snippet":"max-snippet:-1","max-image-preview":"max-image-preview:large","max-video-preview":"max-video-preview:-1"},"canonical":"https:\/\/orthophonie-en-ligne.com\/index.php\/teleorthophonie\/contactez-moi\/","og_locale":"en_US","og_type":"article","og_title":"Prendre rendez-vous avec une orthophoniste","og_description":"Session orthophonique priv\u00e9e via skype aux \u00c9tats-Unis. Les DYS chez les enfants et adulte. RDV. Dyspraxie. Floride.langage, oral , \u00e9crit ,b\u00e9gaiement fluence.","og_url":"https:\/\/orthophonie-en-ligne.com\/index.php\/teleorthophonie\/contactez-moi\/","og_site_name":"orthophonieenligne","article_modified_time":"2020-12-14T22:31:52+00:00","og_image":[{"url":"http:\/\/orthophonie-en-ligne.com\/wp-content\/uploads\/2015\/06\/zenergym-skype.jpg","type":"","width":"","height":""}],"twitter_card":"summary_large_image","schema":{"@context":"https:\/\/schema.org","@graph":[{"@type":"WebPage","@id":"https:\/\/orthophonie-en-ligne.com\/index.php\/teleorthophonie\/contactez-moi\/","url":"https:\/\/orthophonie-en-ligne.com\/index.php\/teleorthophonie\/contactez-moi\/","name":"Prendre rendez-vous avec une orthophoniste","isPartOf":{"@id":"https:\/\/orthophonie-en-ligne.com\/#website"},"primaryImageOfPage":{"@id":"https:\/\/orthophonie-en-ligne.com\/index.php\/teleorthophonie\/contactez-moi\/#primaryimage"},"image":{"@id":"https:\/\/orthophonie-en-ligne.com\/index.php\/teleorthophonie\/contactez-moi\/#primaryimage"},"thumbnailUrl":"http:\/\/orthophonie-en-ligne.com\/wp-content\/uploads\/2015\/06\/zenergym-skype.jpg","datePublished":"2015-06-17T20:10:21+00:00","dateModified":"2020-12-14T22:31:52+00:00","description":"Session orthophonique priv\u00e9e via skype aux \u00c9tats-Unis. Les DYS chez les enfants et adulte. RDV. Dyspraxie. Floride.langage, oral , \u00e9crit ,b\u00e9gaiement fluence.","breadcrumb":{"@id":"https:\/\/orthophonie-en-ligne.com\/index.php\/teleorthophonie\/contactez-moi\/#breadcrumb"},"inLanguage":"en-US","potentialAction":[{"@type":"ReadAction","target":["https:\/\/orthophonie-en-ligne.com\/index.php\/teleorthophonie\/contactez-moi\/"]}]},{"@type":"ImageObject","inLanguage":"en-US","@id":"https:\/\/orthophonie-en-ligne.com\/index.php\/teleorthophonie\/contactez-moi\/#primaryimage","url":"http:\/\/orthophonie-en-ligne.com\/wp-content\/uploads\/2015\/06\/zenergym-skype.jpg","contentUrl":"http:\/\/orthophonie-en-ligne.com\/wp-content\/uploads\/2015\/06\/zenergym-skype.jpg"},{"@type":"BreadcrumbList","@id":"https:\/\/orthophonie-en-ligne.com\/index.php\/teleorthophonie\/contactez-moi\/#breadcrumb","itemListElement":[{"@type":"ListItem","position":1,"name":"Home","item":"https:\/\/orthophonie-en-ligne.com\/"},{"@type":"ListItem","position":2,"name":"Accueil","item":"https:\/\/orthophonie-en-ligne.com\/"},{"@type":"ListItem","position":3,"name":"Contactez-moi"}]},{"@type":"WebSite","@id":"https:\/\/orthophonie-en-ligne.com\/#website","url":"https:\/\/orthophonie-en-ligne.com\/","name":"orthophonieenligne","description":"T\u00e9l\u00e9 Orthophonie","potentialAction":[{"@type":"SearchAction","target":{"@type":"EntryPoint","urlTemplate":"https:\/\/orthophonie-en-ligne.com\/?s={search_term_string}"},"query-input":{"@type":"PropertyValueSpecification","valueRequired":true,"valueName":"search_term_string"}}],"inLanguage":"en-US"}]}},"_links":{"self":[{"href":"https:\/\/orthophonie-en-ligne.com\/index.php\/wp-json\/wp\/v2\/pages\/84","targetHints":{"allow":["GET"]}}],"collection":[{"href":"https:\/\/orthophonie-en-ligne.com\/index.php\/wp-json\/wp\/v2\/pages"}],"about":[{"href":"https:\/\/orthophonie-en-ligne.com\/index.php\/wp-json\/wp\/v2\/types\/page"}],"author":[{"embeddable":true,"href":"https:\/\/orthophonie-en-ligne.com\/index.php\/wp-json\/wp\/v2\/users\/3"}],"replies":[{"embeddable":true,"href":"https:\/\/orthophonie-en-ligne.com\/index.php\/wp-json\/wp\/v2\/comments?post=84"}],"version-history":[{"count":48,"href":"https:\/\/orthophonie-en-ligne.com\/index.php\/wp-json\/wp\/v2\/pages\/84\/revisions"}],"predecessor-version":[{"id":718,"href":"https:\/\/orthophonie-en-ligne.com\/index.php\/wp-json\/wp\/v2\/pages\/84\/revisions\/718"}],"up":[{"embeddable":true,"href":"https:\/\/orthophonie-en-ligne.com\/index.php\/wp-json\/wp\/v2\/pages\/24"}],"wp:attachment":[{"href":"https:\/\/orthophonie-en-ligne.com\/index.php\/wp-json\/wp\/v2\/media?parent=84"}],"curies":[{"name":"wp","href":"https:\/\/api.w.org\/{rel}","templated":true}]}}