{"id":534,"date":"2016-06-15T17:04:21","date_gmt":"2016-06-15T17:04:21","guid":{"rendered":"http:\/\/orthophonie-en-ligne.com\/?page_id=534"},"modified":"2016-06-15T17:39:23","modified_gmt":"2016-06-15T17:39:23","slug":"temoignages","status":"publish","type":"page","link":"https:\/\/orthophonie-en-ligne.com\/index.php\/temoignages\/","title":{"rendered":"Votre t\u00e9moignage"},"content":{"rendered":"<div id=\"pl-534\"  class=\"panel-layout\" ><div id=\"pg-534-0\"  class=\"panel-grid panel-no-style\" ><div id=\"pgc-534-0-0\"  class=\"panel-grid-cell\" ><div id=\"panel-534-0-0-0\" class=\"so-panel widget widget_black-studio-tinymce widget_black_studio_tinymce panel-first-child panel-last-child\" data-index=\"0\" ><h3 class=\"widget-title\">T\u00e9moignage<\/h3><div class=\"textwidget\"><p>Voici un espace de t\u00e9moignage.<br \/>\nJe vous invite \u00e0 partager votre ressenti sur ma pratique et ainsi me faire conna\u00eetre aupr\u00e8s d'autres personnes.<br \/>\nJe vous remercie de la confiance que vous m'accordez.<br \/>\nFran\u00e7oise.<br \/>\n[katb_input_testimonials group=\"All\" form=\"1\"]<\/p>\n<\/div><\/div><\/div><\/div><\/div>","protected":false},"excerpt":{"rendered":"<p>Voici un espace de t\u00e9moignage. Je vous invite \u00e0 partager votre ressenti sur ma pratique et ainsi me faire conna\u00eetre aupr\u00e8s d&#8217;autres personnes. Je vous remercie de la confiance que vous m&#8217;accordez. Fran\u00e7oise. [katb_input_testimonials group=&#8221;All&#8221; form=&#8221;1&#8243;]<\/p>\n","protected":false},"author":3,"featured_media":0,"parent":0,"menu_order":0,"comment_status":"closed","ping_status":"closed","template":"home-panels.php","meta":{"footnotes":""},"class_list":["post-534","page","type-page","status-publish","hentry","post"],"yoast_head":"<!-- This site is optimized with the Yoast SEO plugin v27.1.1 - https:\/\/yoast.com\/product\/yoast-seo-wordpress\/ -->\n<title>Votre t\u00e9moignage - orthophonieenligne<\/title>\n<meta name=\"robots\" content=\"index, follow, max-snippet:-1, max-image-preview:large, max-video-preview:-1\" \/>\n<link rel=\"canonical\" href=\"https:\/\/orthophonie-en-ligne.com\/index.php\/temoignages\/\" \/>\n<meta property=\"og:locale\" content=\"en_US\" \/>\n<meta property=\"og:type\" content=\"article\" \/>\n<meta property=\"og:title\" content=\"Votre t\u00e9moignage - orthophonieenligne\" \/>\n<meta property=\"og:description\" content=\"Voici un espace de t\u00e9moignage. Je vous invite \u00e0 partager votre ressenti sur ma pratique et ainsi me faire conna\u00eetre aupr\u00e8s d&#039;autres personnes. Je vous remercie de la confiance que vous m&#039;accordez. Fran\u00e7oise. [katb_input_testimonials group=&quot;All&quot; form=&quot;1&quot;]\" \/>\n<meta property=\"og:url\" content=\"https:\/\/orthophonie-en-ligne.com\/index.php\/temoignages\/\" \/>\n<meta property=\"og:site_name\" content=\"orthophonieenligne\" \/>\n<meta property=\"article:modified_time\" content=\"2016-06-15T17:39:23+00:00\" \/>\n<meta property=\"og:image\" content=\"http:\/\/orthophonie-en-ligne.com\/wp-content\/plugins\/testimonial-basics\/includes\/Gravatar80x16.jpg\" \/>\n<meta name=\"twitter:card\" content=\"summary_large_image\" \/>\n<script type=\"application\/ld+json\" class=\"yoast-schema-graph\">{\"@context\":\"https:\/\/schema.org\",\"@graph\":[{\"@type\":\"WebPage\",\"@id\":\"https:\/\/orthophonie-en-ligne.com\/index.php\/temoignages\/\",\"url\":\"https:\/\/orthophonie-en-ligne.com\/index.php\/temoignages\/\",\"name\":\"Votre t\u00e9moignage - orthophonieenligne\",\"isPartOf\":{\"@id\":\"https:\/\/orthophonie-en-ligne.com\/#website\"},\"primaryImageOfPage\":{\"@id\":\"https:\/\/orthophonie-en-ligne.com\/index.php\/temoignages\/#primaryimage\"},\"image\":{\"@id\":\"https:\/\/orthophonie-en-ligne.com\/index.php\/temoignages\/#primaryimage\"},\"thumbnailUrl\":\"http:\/\/orthophonie-en-ligne.com\/wp-content\/plugins\/testimonial-basics\/includes\/Gravatar80x16.jpg\",\"datePublished\":\"2016-06-15T17:04:21+00:00\",\"dateModified\":\"2016-06-15T17:39:23+00:00\",\"breadcrumb\":{\"@id\":\"https:\/\/orthophonie-en-ligne.com\/index.php\/temoignages\/#breadcrumb\"},\"inLanguage\":\"en-US\",\"potentialAction\":[{\"@type\":\"ReadAction\",\"target\":[\"https:\/\/orthophonie-en-ligne.com\/index.php\/temoignages\/\"]}]},{\"@type\":\"ImageObject\",\"inLanguage\":\"en-US\",\"@id\":\"https:\/\/orthophonie-en-ligne.com\/index.php\/temoignages\/#primaryimage\",\"url\":\"http:\/\/orthophonie-en-ligne.com\/wp-content\/plugins\/testimonial-basics\/includes\/Gravatar80x16.jpg\",\"contentUrl\":\"http:\/\/orthophonie-en-ligne.com\/wp-content\/plugins\/testimonial-basics\/includes\/Gravatar80x16.jpg\"},{\"@type\":\"BreadcrumbList\",\"@id\":\"https:\/\/orthophonie-en-ligne.com\/index.php\/temoignages\/#breadcrumb\",\"itemListElement\":[{\"@type\":\"ListItem\",\"position\":1,\"name\":\"Home\",\"item\":\"https:\/\/orthophonie-en-ligne.com\/\"},{\"@type\":\"ListItem\",\"position\":2,\"name\":\"Votre t\u00e9moignage\"}]},{\"@type\":\"WebSite\",\"@id\":\"https:\/\/orthophonie-en-ligne.com\/#website\",\"url\":\"https:\/\/orthophonie-en-ligne.com\/\",\"name\":\"orthophonieenligne\",\"description\":\"T\u00e9l\u00e9 Orthophonie\",\"potentialAction\":[{\"@type\":\"SearchAction\",\"target\":{\"@type\":\"EntryPoint\",\"urlTemplate\":\"https:\/\/orthophonie-en-ligne.com\/?s={search_term_string}\"},\"query-input\":{\"@type\":\"PropertyValueSpecification\",\"valueRequired\":true,\"valueName\":\"search_term_string\"}}],\"inLanguage\":\"en-US\"}]}<\/script>\n<!-- \/ Yoast SEO plugin. -->","yoast_head_json":{"title":"Votre t\u00e9moignage - orthophonieenligne","robots":{"index":"index","follow":"follow","max-snippet":"max-snippet:-1","max-image-preview":"max-image-preview:large","max-video-preview":"max-video-preview:-1"},"canonical":"https:\/\/orthophonie-en-ligne.com\/index.php\/temoignages\/","og_locale":"en_US","og_type":"article","og_title":"Votre t\u00e9moignage - orthophonieenligne","og_description":"Voici un espace de t\u00e9moignage. Je vous invite \u00e0 partager votre ressenti sur ma pratique et ainsi me faire conna\u00eetre aupr\u00e8s d'autres personnes. Je vous remercie de la confiance que vous m'accordez. Fran\u00e7oise. [katb_input_testimonials group=\"All\" form=\"1\"]","og_url":"https:\/\/orthophonie-en-ligne.com\/index.php\/temoignages\/","og_site_name":"orthophonieenligne","article_modified_time":"2016-06-15T17:39:23+00:00","og_image":[{"url":"http:\/\/orthophonie-en-ligne.com\/wp-content\/plugins\/testimonial-basics\/includes\/Gravatar80x16.jpg","type":"","width":"","height":""}],"twitter_card":"summary_large_image","schema":{"@context":"https:\/\/schema.org","@graph":[{"@type":"WebPage","@id":"https:\/\/orthophonie-en-ligne.com\/index.php\/temoignages\/","url":"https:\/\/orthophonie-en-ligne.com\/index.php\/temoignages\/","name":"Votre t\u00e9moignage - orthophonieenligne","isPartOf":{"@id":"https:\/\/orthophonie-en-ligne.com\/#website"},"primaryImageOfPage":{"@id":"https:\/\/orthophonie-en-ligne.com\/index.php\/temoignages\/#primaryimage"},"image":{"@id":"https:\/\/orthophonie-en-ligne.com\/index.php\/temoignages\/#primaryimage"},"thumbnailUrl":"http:\/\/orthophonie-en-ligne.com\/wp-content\/plugins\/testimonial-basics\/includes\/Gravatar80x16.jpg","datePublished":"2016-06-15T17:04:21+00:00","dateModified":"2016-06-15T17:39:23+00:00","breadcrumb":{"@id":"https:\/\/orthophonie-en-ligne.com\/index.php\/temoignages\/#breadcrumb"},"inLanguage":"en-US","potentialAction":[{"@type":"ReadAction","target":["https:\/\/orthophonie-en-ligne.com\/index.php\/temoignages\/"]}]},{"@type":"ImageObject","inLanguage":"en-US","@id":"https:\/\/orthophonie-en-ligne.com\/index.php\/temoignages\/#primaryimage","url":"http:\/\/orthophonie-en-ligne.com\/wp-content\/plugins\/testimonial-basics\/includes\/Gravatar80x16.jpg","contentUrl":"http:\/\/orthophonie-en-ligne.com\/wp-content\/plugins\/testimonial-basics\/includes\/Gravatar80x16.jpg"},{"@type":"BreadcrumbList","@id":"https:\/\/orthophonie-en-ligne.com\/index.php\/temoignages\/#breadcrumb","itemListElement":[{"@type":"ListItem","position":1,"name":"Home","item":"https:\/\/orthophonie-en-ligne.com\/"},{"@type":"ListItem","position":2,"name":"Votre t\u00e9moignage"}]},{"@type":"WebSite","@id":"https:\/\/orthophonie-en-ligne.com\/#website","url":"https:\/\/orthophonie-en-ligne.com\/","name":"orthophonieenligne","description":"T\u00e9l\u00e9 Orthophonie","potentialAction":[{"@type":"SearchAction","target":{"@type":"EntryPoint","urlTemplate":"https:\/\/orthophonie-en-ligne.com\/?s={search_term_string}"},"query-input":{"@type":"PropertyValueSpecification","valueRequired":true,"valueName":"search_term_string"}}],"inLanguage":"en-US"}]}},"_links":{"self":[{"href":"https:\/\/orthophonie-en-ligne.com\/index.php\/wp-json\/wp\/v2\/pages\/534","targetHints":{"allow":["GET"]}}],"collection":[{"href":"https:\/\/orthophonie-en-ligne.com\/index.php\/wp-json\/wp\/v2\/pages"}],"about":[{"href":"https:\/\/orthophonie-en-ligne.com\/index.php\/wp-json\/wp\/v2\/types\/page"}],"author":[{"embeddable":true,"href":"https:\/\/orthophonie-en-ligne.com\/index.php\/wp-json\/wp\/v2\/users\/3"}],"replies":[{"embeddable":true,"href":"https:\/\/orthophonie-en-ligne.com\/index.php\/wp-json\/wp\/v2\/comments?post=534"}],"version-history":[{"count":10,"href":"https:\/\/orthophonie-en-ligne.com\/index.php\/wp-json\/wp\/v2\/pages\/534\/revisions"}],"predecessor-version":[{"id":545,"href":"https:\/\/orthophonie-en-ligne.com\/index.php\/wp-json\/wp\/v2\/pages\/534\/revisions\/545"}],"wp:attachment":[{"href":"https:\/\/orthophonie-en-ligne.com\/index.php\/wp-json\/wp\/v2\/media?parent=534"}],"curies":[{"name":"wp","href":"https:\/\/api.w.org\/{rel}","templated":true}]}}