{"id":372,"date":"2015-07-12T15:47:01","date_gmt":"2015-07-12T15:47:01","guid":{"rendered":"http:\/\/orthophonie-en-ligne.com\/?page_id=372"},"modified":"2015-07-15T23:23:33","modified_gmt":"2015-07-15T23:23:33","slug":"lexique","status":"publish","type":"page","link":"https:\/\/orthophonie-en-ligne.com\/index.php\/teleorthophonie\/pour-qui\/lexique\/","title":{"rendered":"Lexique"},"content":{"rendered":"<div id=\"pl-372\"  class=\"panel-layout\" ><div id=\"pg-372-0\"  class=\"panel-grid panel-no-style\" ><div id=\"pgc-372-0-0\"  class=\"panel-grid-cell\" ><div id=\"panel-372-0-0-0\" class=\"so-panel widget widget_black-studio-tinymce widget_black_studio_tinymce panel-first-child panel-last-child\" data-index=\"0\" ><div class=\"textwidget\"><p><a href=\"http:\/\/orthophonie-en-ligne.com\/wp-content\/uploads\/2015\/07\/doudoum.png\"><img loading=\"lazy\" decoding=\"async\" class=\"aligncenter size-full wp-image-319\" src=\"http:\/\/orthophonie-en-ligne.com\/wp-content\/uploads\/2015\/07\/doudoum.png\" alt=\"doudoum\" width=\"1357\" height=\"346\" srcset=\"https:\/\/orthophonie-en-ligne.com\/wp-content\/uploads\/2015\/07\/doudoum.png 1357w, https:\/\/orthophonie-en-ligne.com\/wp-content\/uploads\/2015\/07\/doudoum-300x76.png 300w, https:\/\/orthophonie-en-ligne.com\/wp-content\/uploads\/2015\/07\/doudoum-1024x261.png 1024w\" sizes=\"auto, (max-width: 1357px) 100vw, 1357px\" \/><\/a><\/p>\n<\/div><\/div><\/div><\/div><div id=\"pg-372-1\"  class=\"panel-grid panel-no-style\" ><div id=\"pgc-372-1-0\"  class=\"panel-grid-cell\" ><div id=\"panel-372-1-0-0\" class=\"so-panel widget widget_black-studio-tinymce widget_black_studio_tinymce panel-first-child panel-last-child\" data-index=\"1\" ><div class=\"textwidget\"><h3 style=\"text-align: left;\"><span style=\"text-decoration: underline;\"><span style=\"color: #0000ff; text-decoration: underline;\">LEXIQUE<\/span><\/span> <\/h3>\n<p style=\"text-align: justify;\"><div id=\"links0-link-372\" class=\"sh-link links0-link sh-hide\"><a href=\"#\" onclick=\"showhide_toggle('links0', 372, 'APHASIE (+)', 'APHASIE (-)'); return false;\" aria-expanded=\"false\"><span id=\"links0-toggle-372\">APHASIE (+)<\/span><\/a><\/div><div id=\"links0-content-372\" class=\"sh-content links0-content sh-hide\" style=\"display: none;\"><em>Trouble ou perte de l'expression et de la compr\u00e9hension du langage acquis, parl\u00e9 ou \u00e9crit, l'aphasie est le plus souvent due \u00e0 un accident vasculaire c\u00e9r\u00e9bral touchant l'h\u00e9misph\u00e8re dominant (le gauche pour les droitiers), mais elle peut \u00e9galement \u00eatre la cons\u00e9quence d'une tumeur, d'un traumatisme, d'une infection c\u00e9r\u00e9brale ou d'un processus d\u00e9g\u00e9n\u00e9ratif.<\/div><div id=\"links1-link-372\" class=\"sh-link links1-link sh-hide\"><a href=\"#\" onclick=\"showhide_toggle('links1', 372, 'B\u00c9GAIEMENT (+)', 'B\u00c9GAIEMENT (-)'); return false;\" aria-expanded=\"false\"><span id=\"links1-toggle-372\">B\u00c9GAIEMENT (+)<\/span><\/a><\/div><div id=\"links1-content-372\" class=\"sh-content links1-content sh-hide\" style=\"display: none;\">Trouble fonctionnel de l\u2019expression verbale affectant le rythme de la parole en pr\u00e9sence d\u2019un interlocuteur.<\/div><div id=\"links2-link-372\" class=\"sh-link links2-link sh-hide\"><a href=\"#\" onclick=\"showhide_toggle('links2', 372, 'DYSARTHRIE (+)', 'DYSARTHRIE (-)'); return false;\" aria-expanded=\"false\"><span id=\"links2-toggle-372\">DYSARTHRIE (+)<\/span><\/a><\/div><div id=\"links2-content-372\" class=\"sh-content links2-content sh-hide\" style=\"display: none;\">Ensemble de troubles de l\u2019articulation.<\/div><div id=\"links3-link-372\" class=\"sh-link links3-link sh-hide\"><a href=\"#\" onclick=\"showhide_toggle('links3', 372, 'DYSGRAPHIE (+)', 'DYSGRAPHIE (-)'); return false;\" aria-expanded=\"false\"><span id=\"links3-toggle-372\">DYSGRAPHIE (+)<\/span><\/a><\/div><div id=\"links3-content-372\" class=\"sh-content links3-content sh-hide\" style=\"display: none;\">Trouble de langage \u00e9crit affectant le geste graphique et l\u2019aspect formel de l\u2019\u00e9criture.<\/div><div id=\"links4-link-372\" class=\"sh-link links4-link sh-hide\"><a href=\"#\" onclick=\"showhide_toggle('links4', 372, 'DYSLEXIE \/ DYSORTHOGRAPHIE (+)', 'DYSLEXIE \/ DYSORTHOGRAPHIE (-)'); return false;\" aria-expanded=\"false\"><span id=\"links4-toggle-372\">DYSLEXIE \/ DYSORTHOGRAPHIE (+)<\/span><\/a><\/div><div id=\"links4-content-372\" class=\"sh-content links4-content sh-hide\" style=\"display: none;\">La dyslexie est un trouble sp\u00e9cifique de la lecture. Il s\u2019agit \u00e9galement d\u2019un trouble persistant de l\u2019acquisition du langage \u00e9crit caract\u00e9ris\u00e9 par de grandes difficult\u00e9s dans l\u2019acquisition et dans l\u2019automatisation des m\u00e9canismes n\u00e9cessaires \u00e0 la ma\u00eetrise de l\u2019\u00e9crit (lecture, \u00e9criture, orthographe\u2026).<\/div><div id=\"links5-link-372\" class=\"sh-link links5-link sh-hide\"><a href=\"#\" onclick=\"showhide_toggle('links5', 372, 'DYSPHASIE (+)', 'DYSPHASIE (-)'); return false;\" aria-expanded=\"false\"><span id=\"links5-toggle-372\">DYSPHASIE (+)<\/span><\/a><\/div><div id=\"links5-content-372\" class=\"sh-content links5-content sh-hide\" style=\"display: none;\">Trouble d\u00e9veloppemental se manifestant par une structuration d\u00e9viante, lente et disharmonieuse de la parole et du langage oral.<\/div><div id=\"links6-link-372\" class=\"sh-link links6-link sh-hide\"><a href=\"#\" onclick=\"showhide_toggle('links6', 372, 'RETARD (+)', 'RETARD (-)'); return false;\" aria-expanded=\"false\"><span id=\"links6-toggle-372\">RETARD (+)<\/span><\/a><\/div><div id=\"links6-content-372\" class=\"sh-content links6-content sh-hide\" style=\"display: none;\">On parle de retard chez des enfants non d\u00e9ficients intellectuels qui pr\u00e9sentent un niveau d\u2019acquisitions didactiques et scolaires inf\u00e9rieur \u00e0 la moyenne des enfants du m\u00eame \u00e2ge.<\/div><div id=\"links7-link-372\" class=\"sh-link links7-link sh-hide\"><a href=\"#\" onclick=\"showhide_toggle('links7', 372, 'RETARD DE LANGAGE (+)', 'RETARD DE LANGAGE (-)'); return false;\" aria-expanded=\"false\"><span id=\"links7-toggle-372\">RETARD DE LANGAGE (+)<\/span><\/a><\/div><div id=\"links7-content-372\" class=\"sh-content links7-content sh-hide\" style=\"display: none;\">Toute pathologie du langage oral qui se manifeste par un d\u00e9veloppement linguistique ne correspondant pas aux normes connues (se r\u00e9f\u00e9rant habituellement \u00e0 l\u2019\u00e2ge ordinaire d\u2019acquisition de telle ou telle structure, en fonction des donn\u00e9es de la psycholinguistique).<\/div><div id=\"links8-link-372\" class=\"sh-link links8-link sh-hide\"><a href=\"#\" onclick=\"showhide_toggle('links8', 372, 'RETARD DE PAROLE (+)', 'RETARD DE PAROLE (-)'); return false;\" aria-expanded=\"false\"><span id=\"links8-toggle-372\">RETARD DE PAROLE (+)<\/span><\/a><\/div><div id=\"links8-content-372\" class=\"sh-content links8-content sh-hide\" style=\"display: none;\">Toute alt\u00e9ration de la cha\u00eene verbale parl\u00e9e (parole) constat\u00e9e dans les productions verbales de l\u2019enfant \u00e0 partir de 4 ans (\u00e2ge vers lequel la plupart des structures phonologiques doivent \u00eatre en place dans l\u2019expression orale).<\/div><div id=\"links9-link-372\" class=\"sh-link links9-link sh-hide\"><a href=\"#\" onclick=\"showhide_toggle('links9', 372, 'TROUBLE DE L\u2019ARTICULATION (+)', 'TROUBLE DE L\u2019ARTICULATION (-)'); return false;\" aria-expanded=\"false\"><span id=\"links9-toggle-372\">TROUBLE DE L\u2019ARTICULATION (+)<\/span><\/a><\/div><div id=\"links9-content-372\" class=\"sh-content links9-content sh-hide\" style=\"display: none;\">Erreur permanente et syst\u00e9matique dans l\u2019ex\u00e9cution du mouvement qu\u2019exige la production d\u2019un phon\u00e8me.<\/div><div id=\"plinks0-link-372\" class=\"sh-link plinks0-link sh-hide\"><a href=\"#\" onclick=\"showhide_toggle('plinks0', 372, 'TROUBLES SP\u00c9CIFIQUES DU LANGAGE (+)', 'TROUBLES SP\u00c9CIFIQUES DU LANGAGE (-)'); return false;\" aria-expanded=\"false\"><span id=\"plinks0-toggle-372\">TROUBLES SP\u00c9CIFIQUES DU LANGAGE (+)<\/span><\/a><\/div><div id=\"plinks0-content-372\" class=\"sh-content plinks0-content sh-hide\" style=\"display: none;\">Troubles du langage oral et\/ou \u00e9crit qui entra\u00eenent des d\u00e9viances telles que l\u2019int\u00e9gration sociale et scolaire demande des am\u00e9nagements et des suivis r\u00e9-\u00e9ducatifs pluridisciplinaires sur une dur\u00e9e moyenne \u00e0 longue.<\/div><\/em><\/p>\n<\/div><\/div><\/div><div id=\"pgc-372-1-1\"  class=\"panel-grid-cell\" ><div id=\"panel-372-1-1-0\" class=\"so-panel widget widget_sow-cta panel-first-child panel-last-child\" data-index=\"2\" ><div\n\t\t\t\n\t\t\tclass=\"so-widget-sow-cta so-widget-sow-cta-default-4b4616b4bcb6-372\"\n\t\t\t\n\t\t><div\n\tclass=\"sow-cta-base\"\n\t>\n\t\n\t<div class=\"sow-cta-wrapper\">\n\n\t\t<div class=\"sow-cta-text\">\n\t\t\t\n\t\t\t\t\t<\/div>\n\n\t\t<div\n\t\t\t\n\t\t\tclass=\"so-widget-sow-button so-widget-sow-button-atom-82aabf89c4c8\"\n\t\t\t\n\t\t><div class=\"ow-button-base ow-button-align-center\"\n>\n\t\t\t<a\n\t\t\t\t\thref=\"https:\/\/orthophonie-en-ligne.com\/index.php\/teleorthophonie\/pour-qui\/\"\n\t\t\t\t\tclass=\"sowb-button ow-icon-placement-left ow-button-hover\" \t>\n\t\t<span>\n\t\t\t<span class=\"sow-icon-fontawesome sow-fas\" data-sow-icon=\"&#xf14d;\"\n\t\tstyle=\"\" \n\t\taria-hidden=\"true\"><\/span>\n\t\t\tRetour \u00e0 Troubles trait\u00e9s\t\t<\/span>\n\t\t\t<\/a>\n\t<\/div>\n<\/div>\n\t<\/div>\n\n\t<\/div>\n<\/div><\/div><\/div><\/div><\/div>","protected":false},"excerpt":{"rendered":"<p>LEXIQUE<\/p>\n","protected":false},"author":3,"featured_media":0,"parent":196,"menu_order":0,"comment_status":"open","ping_status":"open","template":"home-panels.php","meta":{"footnotes":""},"class_list":["post-372","page","type-page","status-publish","hentry","post"],"yoast_head":"<!-- This site is optimized with the Yoast SEO plugin v27.1.1 - https:\/\/yoast.com\/product\/yoast-seo-wordpress\/ -->\n<title>Lexique - orthophonieenligne<\/title>\n<meta name=\"description\" content=\"Enfant, adolescent, adulte, orthophonie, r\u00e9\u00e9ducation, traitement, prise en charge, bilan, \u00e9valuation s\u00e9ance ,lecture, dyslexie ,dysphasie, dysorthographie\" \/>\n<meta name=\"robots\" content=\"index, follow, max-snippet:-1, max-image-preview:large, max-video-preview:-1\" \/>\n<link rel=\"canonical\" href=\"https:\/\/orthophonie-en-ligne.com\/index.php\/teleorthophonie\/pour-qui\/lexique\/\" \/>\n<meta property=\"og:locale\" content=\"en_US\" \/>\n<meta property=\"og:type\" content=\"article\" \/>\n<meta property=\"og:title\" content=\"Lexique - orthophonieenligne\" \/>\n<meta property=\"og:description\" content=\"Enfant, adolescent, adulte, orthophonie, r\u00e9\u00e9ducation, traitement, prise en charge, bilan, \u00e9valuation s\u00e9ance ,lecture, dyslexie ,dysphasie, dysorthographie\" \/>\n<meta property=\"og:url\" content=\"https:\/\/orthophonie-en-ligne.com\/index.php\/teleorthophonie\/pour-qui\/lexique\/\" \/>\n<meta property=\"og:site_name\" content=\"orthophonieenligne\" \/>\n<meta property=\"article:modified_time\" content=\"2015-07-15T23:23:33+00:00\" \/>\n<meta property=\"og:image\" content=\"http:\/\/orthophonie-en-ligne.com\/wp-content\/uploads\/2015\/07\/doudoum.png\" \/>\n<meta name=\"twitter:card\" content=\"summary_large_image\" \/>\n<meta name=\"twitter:label1\" content=\"Est. reading time\" \/>\n\t<meta name=\"twitter:data1\" content=\"2 minutes\" \/>\n<script type=\"application\/ld+json\" class=\"yoast-schema-graph\">{\"@context\":\"https:\/\/schema.org\",\"@graph\":[{\"@type\":\"WebPage\",\"@id\":\"https:\/\/orthophonie-en-ligne.com\/index.php\/teleorthophonie\/pour-qui\/lexique\/\",\"url\":\"https:\/\/orthophonie-en-ligne.com\/index.php\/teleorthophonie\/pour-qui\/lexique\/\",\"name\":\"Lexique - orthophonieenligne\",\"isPartOf\":{\"@id\":\"https:\/\/orthophonie-en-ligne.com\/#website\"},\"primaryImageOfPage\":{\"@id\":\"https:\/\/orthophonie-en-ligne.com\/index.php\/teleorthophonie\/pour-qui\/lexique\/#primaryimage\"},\"image\":{\"@id\":\"https:\/\/orthophonie-en-ligne.com\/index.php\/teleorthophonie\/pour-qui\/lexique\/#primaryimage\"},\"thumbnailUrl\":\"http:\/\/orthophonie-en-ligne.com\/wp-content\/uploads\/2015\/07\/doudoum.png\",\"datePublished\":\"2015-07-12T15:47:01+00:00\",\"dateModified\":\"2015-07-15T23:23:33+00:00\",\"description\":\"Enfant, adolescent, adulte, orthophonie, r\u00e9\u00e9ducation, traitement, prise en charge, bilan, \u00e9valuation s\u00e9ance ,lecture, dyslexie ,dysphasie, dysorthographie\",\"breadcrumb\":{\"@id\":\"https:\/\/orthophonie-en-ligne.com\/index.php\/teleorthophonie\/pour-qui\/lexique\/#breadcrumb\"},\"inLanguage\":\"en-US\",\"potentialAction\":[{\"@type\":\"ReadAction\",\"target\":[\"https:\/\/orthophonie-en-ligne.com\/index.php\/teleorthophonie\/pour-qui\/lexique\/\"]}]},{\"@type\":\"ImageObject\",\"inLanguage\":\"en-US\",\"@id\":\"https:\/\/orthophonie-en-ligne.com\/index.php\/teleorthophonie\/pour-qui\/lexique\/#primaryimage\",\"url\":\"http:\/\/orthophonie-en-ligne.com\/wp-content\/uploads\/2015\/07\/doudoum.png\",\"contentUrl\":\"http:\/\/orthophonie-en-ligne.com\/wp-content\/uploads\/2015\/07\/doudoum.png\"},{\"@type\":\"BreadcrumbList\",\"@id\":\"https:\/\/orthophonie-en-ligne.com\/index.php\/teleorthophonie\/pour-qui\/lexique\/#breadcrumb\",\"itemListElement\":[{\"@type\":\"ListItem\",\"position\":1,\"name\":\"Home\",\"item\":\"https:\/\/orthophonie-en-ligne.com\/\"},{\"@type\":\"ListItem\",\"position\":2,\"name\":\"Accueil\",\"item\":\"https:\/\/orthophonie-en-ligne.com\/\"},{\"@type\":\"ListItem\",\"position\":3,\"name\":\"Les troubles trait\u00e9s\",\"item\":\"https:\/\/orthophonie-en-ligne.com\/index.php\/teleorthophonie\/pour-qui\/\"},{\"@type\":\"ListItem\",\"position\":4,\"name\":\"Lexique\"}]},{\"@type\":\"WebSite\",\"@id\":\"https:\/\/orthophonie-en-ligne.com\/#website\",\"url\":\"https:\/\/orthophonie-en-ligne.com\/\",\"name\":\"orthophonieenligne\",\"description\":\"T\u00e9l\u00e9 Orthophonie\",\"potentialAction\":[{\"@type\":\"SearchAction\",\"target\":{\"@type\":\"EntryPoint\",\"urlTemplate\":\"https:\/\/orthophonie-en-ligne.com\/?s={search_term_string}\"},\"query-input\":{\"@type\":\"PropertyValueSpecification\",\"valueRequired\":true,\"valueName\":\"search_term_string\"}}],\"inLanguage\":\"en-US\"}]}<\/script>\n<!-- \/ Yoast SEO plugin. -->","yoast_head_json":{"title":"Lexique - orthophonieenligne","description":"Enfant, adolescent, adulte, orthophonie, r\u00e9\u00e9ducation, traitement, prise en charge, bilan, \u00e9valuation s\u00e9ance ,lecture, dyslexie ,dysphasie, dysorthographie","robots":{"index":"index","follow":"follow","max-snippet":"max-snippet:-1","max-image-preview":"max-image-preview:large","max-video-preview":"max-video-preview:-1"},"canonical":"https:\/\/orthophonie-en-ligne.com\/index.php\/teleorthophonie\/pour-qui\/lexique\/","og_locale":"en_US","og_type":"article","og_title":"Lexique - orthophonieenligne","og_description":"Enfant, adolescent, adulte, orthophonie, r\u00e9\u00e9ducation, traitement, prise en charge, bilan, \u00e9valuation s\u00e9ance ,lecture, dyslexie ,dysphasie, dysorthographie","og_url":"https:\/\/orthophonie-en-ligne.com\/index.php\/teleorthophonie\/pour-qui\/lexique\/","og_site_name":"orthophonieenligne","article_modified_time":"2015-07-15T23:23:33+00:00","og_image":[{"url":"http:\/\/orthophonie-en-ligne.com\/wp-content\/uploads\/2015\/07\/doudoum.png","type":"","width":"","height":""}],"twitter_card":"summary_large_image","twitter_misc":{"Est. reading time":"2 minutes"},"schema":{"@context":"https:\/\/schema.org","@graph":[{"@type":"WebPage","@id":"https:\/\/orthophonie-en-ligne.com\/index.php\/teleorthophonie\/pour-qui\/lexique\/","url":"https:\/\/orthophonie-en-ligne.com\/index.php\/teleorthophonie\/pour-qui\/lexique\/","name":"Lexique - orthophonieenligne","isPartOf":{"@id":"https:\/\/orthophonie-en-ligne.com\/#website"},"primaryImageOfPage":{"@id":"https:\/\/orthophonie-en-ligne.com\/index.php\/teleorthophonie\/pour-qui\/lexique\/#primaryimage"},"image":{"@id":"https:\/\/orthophonie-en-ligne.com\/index.php\/teleorthophonie\/pour-qui\/lexique\/#primaryimage"},"thumbnailUrl":"http:\/\/orthophonie-en-ligne.com\/wp-content\/uploads\/2015\/07\/doudoum.png","datePublished":"2015-07-12T15:47:01+00:00","dateModified":"2015-07-15T23:23:33+00:00","description":"Enfant, adolescent, adulte, orthophonie, r\u00e9\u00e9ducation, traitement, prise en charge, bilan, \u00e9valuation s\u00e9ance ,lecture, dyslexie ,dysphasie, dysorthographie","breadcrumb":{"@id":"https:\/\/orthophonie-en-ligne.com\/index.php\/teleorthophonie\/pour-qui\/lexique\/#breadcrumb"},"inLanguage":"en-US","potentialAction":[{"@type":"ReadAction","target":["https:\/\/orthophonie-en-ligne.com\/index.php\/teleorthophonie\/pour-qui\/lexique\/"]}]},{"@type":"ImageObject","inLanguage":"en-US","@id":"https:\/\/orthophonie-en-ligne.com\/index.php\/teleorthophonie\/pour-qui\/lexique\/#primaryimage","url":"http:\/\/orthophonie-en-ligne.com\/wp-content\/uploads\/2015\/07\/doudoum.png","contentUrl":"http:\/\/orthophonie-en-ligne.com\/wp-content\/uploads\/2015\/07\/doudoum.png"},{"@type":"BreadcrumbList","@id":"https:\/\/orthophonie-en-ligne.com\/index.php\/teleorthophonie\/pour-qui\/lexique\/#breadcrumb","itemListElement":[{"@type":"ListItem","position":1,"name":"Home","item":"https:\/\/orthophonie-en-ligne.com\/"},{"@type":"ListItem","position":2,"name":"Accueil","item":"https:\/\/orthophonie-en-ligne.com\/"},{"@type":"ListItem","position":3,"name":"Les troubles trait\u00e9s","item":"https:\/\/orthophonie-en-ligne.com\/index.php\/teleorthophonie\/pour-qui\/"},{"@type":"ListItem","position":4,"name":"Lexique"}]},{"@type":"WebSite","@id":"https:\/\/orthophonie-en-ligne.com\/#website","url":"https:\/\/orthophonie-en-ligne.com\/","name":"orthophonieenligne","description":"T\u00e9l\u00e9 Orthophonie","potentialAction":[{"@type":"SearchAction","target":{"@type":"EntryPoint","urlTemplate":"https:\/\/orthophonie-en-ligne.com\/?s={search_term_string}"},"query-input":{"@type":"PropertyValueSpecification","valueRequired":true,"valueName":"search_term_string"}}],"inLanguage":"en-US"}]}},"_links":{"self":[{"href":"https:\/\/orthophonie-en-ligne.com\/index.php\/wp-json\/wp\/v2\/pages\/372","targetHints":{"allow":["GET"]}}],"collection":[{"href":"https:\/\/orthophonie-en-ligne.com\/index.php\/wp-json\/wp\/v2\/pages"}],"about":[{"href":"https:\/\/orthophonie-en-ligne.com\/index.php\/wp-json\/wp\/v2\/types\/page"}],"author":[{"embeddable":true,"href":"https:\/\/orthophonie-en-ligne.com\/index.php\/wp-json\/wp\/v2\/users\/3"}],"replies":[{"embeddable":true,"href":"https:\/\/orthophonie-en-ligne.com\/index.php\/wp-json\/wp\/v2\/comments?post=372"}],"version-history":[{"count":12,"href":"https:\/\/orthophonie-en-ligne.com\/index.php\/wp-json\/wp\/v2\/pages\/372\/revisions"}],"predecessor-version":[{"id":411,"href":"https:\/\/orthophonie-en-ligne.com\/index.php\/wp-json\/wp\/v2\/pages\/372\/revisions\/411"}],"up":[{"embeddable":true,"href":"https:\/\/orthophonie-en-ligne.com\/index.php\/wp-json\/wp\/v2\/pages\/196"}],"wp:attachment":[{"href":"https:\/\/orthophonie-en-ligne.com\/index.php\/wp-json\/wp\/v2\/media?parent=372"}],"curies":[{"name":"wp","href":"https:\/\/api.w.org\/{rel}","templated":true}]}}