{"id":24,"date":"2015-06-01T16:28:24","date_gmt":"2015-06-01T16:28:24","guid":{"rendered":"http:\/\/orthophonie-en-ligne.com\/?page_id=24"},"modified":"2023-10-27T06:59:10","modified_gmt":"2023-10-27T06:59:10","slug":"teleorthophonie","status":"publish","type":"page","link":"https:\/\/orthophonie-en-ligne.com\/","title":{"rendered":"Accueil"},"content":{"rendered":"<div id=\"pl-24\"  class=\"panel-layout\" ><div id=\"pg-24-0\"  class=\"panel-grid panel-no-style\" ><div id=\"pgc-24-0-0\"  class=\"panel-grid-cell\" ><div id=\"panel-24-0-0-0\" class=\"so-panel widget widget_black-studio-tinymce widget_black_studio_tinymce panel-first-child panel-last-child\" data-index=\"0\" ><div class=\"panel-widget-style panel-widget-style-for-24-0-0-0\" ><div class=\"textwidget\"><h1 style=\"text-align: center;\"><span style=\"color: #000080;\"><strong>LA R\u00c9\u00c9DUCATION ORTHOPHONIQUE A DISTANCE<\/strong><br \/><\/span><\/h1>\n<p style=\"text-align: center;\"><strong><span style=\"color: #3366ff;\"><em>L\u2019acc\u00e8s aux soins quelque soit sa situation g\u00e9ographique avec une orthophoniste exp\u00e9riment\u00e9e.<\/em><\/span><\/strong><\/p>\n<\/div><\/div><\/div><\/div><\/div><div id=\"pg-24-1\"  class=\"panel-grid panel-no-style\" ><div id=\"pgc-24-1-0\"  class=\"panel-grid-cell\" ><div id=\"panel-24-1-0-0\" class=\"so-panel widget widget_circleicon-widget panel-first-child panel-last-child\" data-index=\"1\" ><div class=\"panel-widget-style panel-widget-style-for-24-1-0-0\" >\t\t<div class=\"circle-icon-box circle-icon-position-top circle-icon-hide-box circle-icon-size-small\">\n\t\t\t<div class=\"circle-icon-wrapper\">\n\t\t\t\t<a href=\"http:\/\/orthophonie-en-ligne.com\/index.php\/pour-qui\/%20\" class=\"link-icon\" >\t\t\t\t<div class=\"circle-icon icon-style-set\" style=\"background-color: #3300CC\">\n\t\t\t\t\t<div class=\"fa fa-info-circle icon-color-set\" ><\/div>\t\t\t\t<\/div>\n\t\t\t\t<\/a>\t\t\t<\/div>\n\n\t\t\t<a href=\"http:\/\/orthophonie-en-ligne.com\/index.php\/pour-qui\/%20\" class=\"link-title\" >\t\t\t<h4 >Champs d&#8217;intervention<\/h4>\t\t\t<\/a>\n\t\t\t<p class=\"text\" >L\u2019orthophoniste est un th\u00e9rapeute qui prend en charge les troubles de la communication orale et \u00e9crite chez l\u2019enfant, l\u2019adolescent et l\u2019adulte , dans un but de pr\u00e9vention et de r\u00e9adaptation. Parmi les diff\u00e9rents domaines d\u2019intervention, voici les troubles que je prends en charge en t\u00e9l\u00e9-orthophonie\u2026\u2026\u2026<\/p>\t\t\t\t\t\t\t<a href=\"http:\/\/orthophonie-en-ligne.com\/index.php\/pour-qui\/%20\" class=\"more-button\" >En savoir plus <i><\/i><\/a>\n\t\t\t\t\t<\/div>\n\t\t<\/div><\/div><\/div><div id=\"pgc-24-1-1\"  class=\"panel-grid-cell\" ><div id=\"panel-24-1-1-0\" class=\"so-panel widget widget_circleicon-widget panel-first-child panel-last-child\" data-index=\"2\" ><div class=\"panel-widget-style panel-widget-style-for-24-1-1-0\" >\t\t<div class=\"circle-icon-box circle-icon-position-top circle-icon-hide-box circle-icon-size-small\">\n\t\t\t<div class=\"circle-icon-wrapper\">\n\t\t\t\t<a href=\"http:\/\/orthophonie-en-ligne.com\/?p=135\" class=\"link-icon\" >\t\t\t\t<div class=\"circle-icon icon-style-set\" style=\"background-color: #3300CC\">\n\t\t\t\t\t<div class=\"fa fa-folder icon-color-set\" ><\/div>\t\t\t\t<\/div>\n\t\t\t\t<\/a>\t\t\t<\/div>\n\n\t\t\t<a href=\"http:\/\/orthophonie-en-ligne.com\/?p=135\" class=\"link-title\" >\t\t\t<h4 >Fonctionnement<\/h4>\t\t\t<\/a>\n\t\t\t<p class=\"text\" >A l\u2019aide de la fiche contact, faites votre demande de rendez-vous. Je me mettrai tr\u00e8s rapidement en contact avec vous et nous discuterons de votre demande...<\/p>\t\t\t\t\t\t\t<a href=\"http:\/\/orthophonie-en-ligne.com\/?p=135\" class=\"more-button\" >En savoir plus <i><\/i><\/a>\n\t\t\t\t\t<\/div>\n\t\t<\/div><\/div><\/div><div id=\"pgc-24-1-2\"  class=\"panel-grid-cell\" ><div id=\"panel-24-1-2-0\" class=\"so-panel widget widget_circleicon-widget panel-first-child panel-last-child\" data-index=\"3\" ><div class=\"panel-widget-style panel-widget-style-for-24-1-2-0\" >\t\t<div class=\"circle-icon-box circle-icon-position-top circle-icon-hide-box circle-icon-size-small\">\n\t\t\t<div class=\"circle-icon-wrapper\">\n\t\t\t\t<a href=\"http:\/\/orthophonie-en-ligne.com\/index.php\/tele-orthophonie\/\" class=\"link-icon\" >\t\t\t\t<div class=\"circle-icon icon-style-set\" style=\"background-color: #3300CC\">\n\t\t\t\t\t<div class=\"fa fa-headphones icon-color-set\" ><\/div>\t\t\t\t<\/div>\n\t\t\t\t<\/a>\t\t\t<\/div>\n\n\t\t\t<a href=\"http:\/\/orthophonie-en-ligne.com\/index.php\/tele-orthophonie\/\" class=\"link-title\" >\t\t\t<h4 >T\u00e9l\u00e9-orthophonie <\/h4>\t\t\t<\/a>\n\t\t\t<p class=\"text\" >Un ordinateur, un casque audio, une connexion internet de bonne qualit\u00e9 constituent le mat\u00e9riel n\u00e9cessaire. La s\u00e9ance d\u2019orthophonie en ligne \u00e9tablit une relation duelle\u2026\u2026.<\/p>\t\t\t\t\t\t\t<a href=\"http:\/\/orthophonie-en-ligne.com\/index.php\/tele-orthophonie\/\" class=\"more-button\" >En savoir plus <i><\/i><\/a>\n\t\t\t\t\t<\/div>\n\t\t<\/div><\/div><\/div><div id=\"pgc-24-1-3\"  class=\"panel-grid-cell\" ><div id=\"panel-24-1-3-0\" class=\"so-panel widget widget_circleicon-widget panel-first-child panel-last-child\" data-index=\"4\" ><div class=\"panel-widget-style panel-widget-style-for-24-1-3-0\" >\t\t<div class=\"circle-icon-box circle-icon-position-top circle-icon-hide-box circle-icon-size-small\">\n\t\t\t<div class=\"circle-icon-wrapper\">\n\t\t\t\t<a href=\"http:\/\/orthophonie-en-ligne.com\/index.php\/home-page\/qui-suis-je\/\" class=\"link-icon\" >\t\t\t\t<div class=\"circle-icon icon-style-set\" style=\"background-color: #3300CC\">\n\t\t\t\t\t<div class=\"fa fa-female icon-color-set\" ><\/div>\t\t\t\t<\/div>\n\t\t\t\t<\/a>\t\t\t<\/div>\n\n\t\t\t<a href=\"http:\/\/orthophonie-en-ligne.com\/index.php\/home-page\/qui-suis-je\/\" class=\"link-title\" >\t\t\t<h4 >A propos de moi<\/h4>\t\t\t<\/a>\n\t\t\t<p class=\"text\" >Dipl\u00f4m\u00e9e en 1982 de l\u2019\u00e9cole d\u2019orthophonie de l'Universit\u00e9 de Nice, j\u2019exerce l\u2019orthophonie depuis plus de 25 ans aupr\u00e8s d\u2019enfants et d\u2019adultes\u2026\u2026..  <\/p>\t\t\t\t\t\t\t<a href=\"http:\/\/orthophonie-en-ligne.com\/index.php\/home-page\/qui-suis-je\/\" class=\"more-button\" >En savoir plus <i><\/i><\/a>\n\t\t\t\t\t<\/div>\n\t\t<\/div><\/div><\/div><\/div><div id=\"pg-24-2\"  class=\"panel-grid panel-no-style\" ><div id=\"pgc-24-2-0\"  class=\"panel-grid-cell\" ><div id=\"panel-24-2-0-0\" class=\"so-panel widget widget_black-studio-tinymce widget_black_studio_tinymce panel-first-child panel-last-child\" data-index=\"5\" ><div class=\"panel-widget-style panel-widget-style-for-24-2-0-0\" ><div class=\"textwidget\"><hr \/>\n<h2 style=\"text-align: justify;\">\u00a0<\/h2>\n<h2 style=\"text-align: justify;\">\u00a0<span style=\"color: #000080;\">L'orthophonie en ligne<\/span><\/h2>\n<p style=\"text-align: justify;\">La t\u00e9l\u00e9-orthophonie est la pratique de l\u2019orthophonie \u00e0 distance en visioconf\u00e9rence. Elle permet l\u2019acc\u00e8s aux soins orthophoniques (\u00e9valuation et suivi) quel que soit sa localisation g\u00e9ographique.<\/p>\n<p style=\"text-align: justify;\">Pour les fran\u00e7ais r\u00e9sidant \u00e0 l\u2019\u00e9tranger, il est souvent difficile de trouver une orthophoniste francophone \u00e0 m\u00eame d\u2019\u00e9valuer, de prendre en charge ou de poursuivre un traitement orthophonique lorsque des difficult\u00e9s de langage et de communication se manifestent.<\/p>\n<p><div id=\"attachment_195\" style=\"width: 510px\" class=\"wp-caption aligncenter\"><a href=\"http:\/\/orthophonie-en-ligne.com\/wp-content\/uploads\/2015\/07\/orth_enligne_white.png\"><img loading=\"lazy\" decoding=\"async\" aria-describedby=\"caption-attachment-195\" class=\"wp-image-195\" src=\"http:\/\/orthophonie-en-ligne.com\/wp-content\/uploads\/2015\/07\/orth_enligne_white-1024x829.png\" alt=\"Orthophonie en Ligne\" width=\"500\" height=\"405\" srcset=\"https:\/\/orthophonie-en-ligne.com\/wp-content\/uploads\/2015\/07\/orth_enligne_white-1024x829.png 1024w, https:\/\/orthophonie-en-ligne.com\/wp-content\/uploads\/2015\/07\/orth_enligne_white-300x243.png 300w, https:\/\/orthophonie-en-ligne.com\/wp-content\/uploads\/2015\/07\/orth_enligne_white.png 1280w\" sizes=\"auto, (max-width: 500px) 100vw, 500px\" \/><\/a><p id=\"caption-attachment-195\" class=\"wp-caption-text\">Orthophonie en Ligne<\/p><\/div><\/p>\n<p style=\"text-align: justify;\">La t\u00e9l\u00e9orthophonie constitue une solution fiable et adapt\u00e9e pour tous ceux qui, par l\u2019\u00e9loignement, ne peuvent consulter une orthophoniste \u00e0 son cabinet.<\/p>\n<p style=\"text-align: justify;\">La technologie de la visioconf\u00e9rence, l\u2019utilisation famili\u00e8re de l\u2019ordinateur ainsi que le d\u00e9veloppement des mat\u00e9riels logiciels orthophoniques permettent de conduire dans des conditions optimales une r\u00e9\u00e9ducation orthophonique \u00e0 domicile via internet.<\/p>\n<p style=\"text-align: justify;\">\u00a0<\/p>\n<\/div><\/div><\/div><\/div><div id=\"pgc-24-2-1\"  class=\"panel-grid-cell\" ><div id=\"panel-24-2-1-0\" class=\"so-panel widget widget_black-studio-tinymce widget_black_studio_tinymce panel-first-child\" data-index=\"6\" ><div class=\"textwidget\"><p style=\"text-align: center;\">\u00a0<\/p>\n<p style=\"text-align: center;\">\u00a0<\/p>\n<p style=\"text-align: center;\">\u00a0<\/p>\n<p style=\"text-align: center;\"><span style=\"color: #000080;\"><strong>QUI PEUT B\u00c9N\u00c9FICIER D\u2019UN BILAN ORTHOPHONIQUE ?<\/strong><\/span><\/p>\n<ul>\n<li><em>\u00a0Tout enfant dont les parents ou le milieu scolaire, social ou m\u00e9dical s\u2019inqui\u00e8tent.<\/em><\/li>\n<li><em>Tout enfant dont l\u2019\u00e9volution du langage oral ou \u00e9crit para\u00eet difficile.<\/em><\/li>\n<li><em>Tout enfant dont le handicap perturbe l\u2019installation ou le d\u00e9veloppement du langage.<\/em><\/li>\n<li><em>Tout adolescent ou adulte perturb\u00e9 dans sa communication orale ou \u00e9crite.<\/em><\/li>\n<\/ul>\n<\/div><\/div><div id=\"panel-24-2-1-1\" class=\"so-panel widget widget_black-studio-tinymce widget_black_studio_tinymce panel-last-child\" data-index=\"7\" ><div class=\"textwidget\"><div class=\"n\">\n<h4><a href=\"http:\/\/orthophonie-en-ligne.com\/wp-content\/uploads\/2015\/06\/people-152040_12801.png\"><img loading=\"lazy\" decoding=\"async\" class=\"aligncenter wp-image-454 size-full\" src=\"http:\/\/orthophonie-en-ligne.com\/wp-content\/uploads\/2015\/06\/people-152040_12801.png\" alt=\"\" width=\"1280\" height=\"1089\" srcset=\"https:\/\/orthophonie-en-ligne.com\/wp-content\/uploads\/2015\/06\/people-152040_12801.png 1280w, https:\/\/orthophonie-en-ligne.com\/wp-content\/uploads\/2015\/06\/people-152040_12801-300x255.png 300w, https:\/\/orthophonie-en-ligne.com\/wp-content\/uploads\/2015\/06\/people-152040_12801-1024x871.png 1024w\" sizes=\"auto, (max-width: 1280px) 100vw, 1280px\" \/><\/a><\/h4>\n<p><span class=\"diyfeDecoration\" style=\"color: #0000ff;\">\u00a0<em>Consultations en ligne pour les EXPATRI\u00c9S<\/em><br \/> <\/span><\/p>\n<\/div>\n<div class=\"n\">\u00a0<\/div>\n<\/div><\/div><\/div><\/div><\/div>","protected":false},"excerpt":{"rendered":"<p>LA R\u00c9\u00c9DUCATION ORTHOPHONIQUE A DISTANCEL\u2019acc\u00e8s aux soins quelque soit sa situation g\u00e9ographique avec une orthophoniste exp\u00e9riment\u00e9e.<\/p>\n","protected":false},"author":3,"featured_media":0,"parent":0,"menu_order":0,"comment_status":"closed","ping_status":"closed","template":"home-panels.php","meta":{"footnotes":""},"class_list":["post-24","page","type-page","status-publish","hentry","post"],"yoast_head":"<!-- This site is optimized with the Yoast SEO plugin v27.1.1 - https:\/\/yoast.com\/product\/yoast-seo-wordpress\/ -->\n<title>Orthophonie en ligne ( t\u00e9l\u00e9orthophonie , orthophonie \u00e0 distance)<\/title>\n<meta name=\"description\" content=\"L\u2019acc\u00e8s aux soins quelque soit sa situation g\u00e9ographique avec une orthophoniste fran\u00e7aise. orthophonie en ligne. T\u00e9l\u00e9orthophonie par visioconf\u00e9rence.\" \/>\n<meta name=\"robots\" content=\"index, follow, max-snippet:-1, max-image-preview:large, max-video-preview:-1\" \/>\n<link rel=\"canonical\" href=\"https:\/\/orthophonie-en-ligne.com\/\" \/>\n<meta property=\"og:locale\" content=\"en_US\" \/>\n<meta property=\"og:type\" content=\"article\" \/>\n<meta property=\"og:title\" content=\"Orthophonie en ligne ( t\u00e9l\u00e9orthophonie , orthophonie \u00e0 distance)\" \/>\n<meta property=\"og:description\" content=\"L\u2019acc\u00e8s aux soins quelque soit sa situation g\u00e9ographique avec une orthophoniste fran\u00e7aise. orthophonie en ligne. T\u00e9l\u00e9orthophonie par visioconf\u00e9rence.\" \/>\n<meta property=\"og:url\" content=\"https:\/\/orthophonie-en-ligne.com\/\" \/>\n<meta property=\"og:site_name\" content=\"orthophonieenligne\" \/>\n<meta property=\"article:modified_time\" content=\"2023-10-27T06:59:10+00:00\" \/>\n<meta property=\"og:image\" content=\"http:\/\/orthophonie-en-ligne.com\/wp-content\/uploads\/2015\/07\/orth_enligne_white-1024x829.png\" \/>\n<meta name=\"twitter:card\" content=\"summary_large_image\" \/>\n<script type=\"application\/ld+json\" class=\"yoast-schema-graph\">{\"@context\":\"https:\/\/schema.org\",\"@graph\":[{\"@type\":\"WebPage\",\"@id\":\"https:\/\/orthophonie-en-ligne.com\/\",\"url\":\"https:\/\/orthophonie-en-ligne.com\/\",\"name\":\"Orthophonie en ligne ( t\u00e9l\u00e9orthophonie , orthophonie \u00e0 distance)\",\"isPartOf\":{\"@id\":\"https:\/\/orthophonie-en-ligne.com\/#website\"},\"primaryImageOfPage\":{\"@id\":\"https:\/\/orthophonie-en-ligne.com\/#primaryimage\"},\"image\":{\"@id\":\"https:\/\/orthophonie-en-ligne.com\/#primaryimage\"},\"thumbnailUrl\":\"http:\/\/orthophonie-en-ligne.com\/wp-content\/uploads\/2015\/07\/orth_enligne_white-1024x829.png\",\"datePublished\":\"2015-06-01T16:28:24+00:00\",\"dateModified\":\"2023-10-27T06:59:10+00:00\",\"description\":\"L\u2019acc\u00e8s aux soins quelque soit sa situation g\u00e9ographique avec une orthophoniste fran\u00e7aise. orthophonie en ligne. T\u00e9l\u00e9orthophonie par visioconf\u00e9rence.\",\"breadcrumb\":{\"@id\":\"https:\/\/orthophonie-en-ligne.com\/#breadcrumb\"},\"inLanguage\":\"en-US\",\"potentialAction\":[{\"@type\":\"ReadAction\",\"target\":[\"https:\/\/orthophonie-en-ligne.com\/\"]}]},{\"@type\":\"ImageObject\",\"inLanguage\":\"en-US\",\"@id\":\"https:\/\/orthophonie-en-ligne.com\/#primaryimage\",\"url\":\"http:\/\/orthophonie-en-ligne.com\/wp-content\/uploads\/2015\/07\/orth_enligne_white-1024x829.png\",\"contentUrl\":\"http:\/\/orthophonie-en-ligne.com\/wp-content\/uploads\/2015\/07\/orth_enligne_white-1024x829.png\"},{\"@type\":\"BreadcrumbList\",\"@id\":\"https:\/\/orthophonie-en-ligne.com\/#breadcrumb\",\"itemListElement\":[{\"@type\":\"ListItem\",\"position\":1,\"name\":\"Home\",\"item\":\"https:\/\/orthophonie-en-ligne.com\/\"},{\"@type\":\"ListItem\",\"position\":2,\"name\":\"Accueil\"}]},{\"@type\":\"WebSite\",\"@id\":\"https:\/\/orthophonie-en-ligne.com\/#website\",\"url\":\"https:\/\/orthophonie-en-ligne.com\/\",\"name\":\"orthophonieenligne\",\"description\":\"T\u00e9l\u00e9 Orthophonie\",\"potentialAction\":[{\"@type\":\"SearchAction\",\"target\":{\"@type\":\"EntryPoint\",\"urlTemplate\":\"https:\/\/orthophonie-en-ligne.com\/?s={search_term_string}\"},\"query-input\":{\"@type\":\"PropertyValueSpecification\",\"valueRequired\":true,\"valueName\":\"search_term_string\"}}],\"inLanguage\":\"en-US\"}]}<\/script>\n<!-- \/ Yoast SEO plugin. -->","yoast_head_json":{"title":"Orthophonie en ligne ( t\u00e9l\u00e9orthophonie , orthophonie \u00e0 distance)","description":"L\u2019acc\u00e8s aux soins quelque soit sa situation g\u00e9ographique avec une orthophoniste fran\u00e7aise. orthophonie en ligne. T\u00e9l\u00e9orthophonie par visioconf\u00e9rence.","robots":{"index":"index","follow":"follow","max-snippet":"max-snippet:-1","max-image-preview":"max-image-preview:large","max-video-preview":"max-video-preview:-1"},"canonical":"https:\/\/orthophonie-en-ligne.com\/","og_locale":"en_US","og_type":"article","og_title":"Orthophonie en ligne ( t\u00e9l\u00e9orthophonie , orthophonie \u00e0 distance)","og_description":"L\u2019acc\u00e8s aux soins quelque soit sa situation g\u00e9ographique avec une orthophoniste fran\u00e7aise. orthophonie en ligne. T\u00e9l\u00e9orthophonie par visioconf\u00e9rence.","og_url":"https:\/\/orthophonie-en-ligne.com\/","og_site_name":"orthophonieenligne","article_modified_time":"2023-10-27T06:59:10+00:00","og_image":[{"url":"http:\/\/orthophonie-en-ligne.com\/wp-content\/uploads\/2015\/07\/orth_enligne_white-1024x829.png","type":"","width":"","height":""}],"twitter_card":"summary_large_image","schema":{"@context":"https:\/\/schema.org","@graph":[{"@type":"WebPage","@id":"https:\/\/orthophonie-en-ligne.com\/","url":"https:\/\/orthophonie-en-ligne.com\/","name":"Orthophonie en ligne ( t\u00e9l\u00e9orthophonie , orthophonie \u00e0 distance)","isPartOf":{"@id":"https:\/\/orthophonie-en-ligne.com\/#website"},"primaryImageOfPage":{"@id":"https:\/\/orthophonie-en-ligne.com\/#primaryimage"},"image":{"@id":"https:\/\/orthophonie-en-ligne.com\/#primaryimage"},"thumbnailUrl":"http:\/\/orthophonie-en-ligne.com\/wp-content\/uploads\/2015\/07\/orth_enligne_white-1024x829.png","datePublished":"2015-06-01T16:28:24+00:00","dateModified":"2023-10-27T06:59:10+00:00","description":"L\u2019acc\u00e8s aux soins quelque soit sa situation g\u00e9ographique avec une orthophoniste fran\u00e7aise. orthophonie en ligne. T\u00e9l\u00e9orthophonie par visioconf\u00e9rence.","breadcrumb":{"@id":"https:\/\/orthophonie-en-ligne.com\/#breadcrumb"},"inLanguage":"en-US","potentialAction":[{"@type":"ReadAction","target":["https:\/\/orthophonie-en-ligne.com\/"]}]},{"@type":"ImageObject","inLanguage":"en-US","@id":"https:\/\/orthophonie-en-ligne.com\/#primaryimage","url":"http:\/\/orthophonie-en-ligne.com\/wp-content\/uploads\/2015\/07\/orth_enligne_white-1024x829.png","contentUrl":"http:\/\/orthophonie-en-ligne.com\/wp-content\/uploads\/2015\/07\/orth_enligne_white-1024x829.png"},{"@type":"BreadcrumbList","@id":"https:\/\/orthophonie-en-ligne.com\/#breadcrumb","itemListElement":[{"@type":"ListItem","position":1,"name":"Home","item":"https:\/\/orthophonie-en-ligne.com\/"},{"@type":"ListItem","position":2,"name":"Accueil"}]},{"@type":"WebSite","@id":"https:\/\/orthophonie-en-ligne.com\/#website","url":"https:\/\/orthophonie-en-ligne.com\/","name":"orthophonieenligne","description":"T\u00e9l\u00e9 Orthophonie","potentialAction":[{"@type":"SearchAction","target":{"@type":"EntryPoint","urlTemplate":"https:\/\/orthophonie-en-ligne.com\/?s={search_term_string}"},"query-input":{"@type":"PropertyValueSpecification","valueRequired":true,"valueName":"search_term_string"}}],"inLanguage":"en-US"}]}},"_links":{"self":[{"href":"https:\/\/orthophonie-en-ligne.com\/index.php\/wp-json\/wp\/v2\/pages\/24","targetHints":{"allow":["GET"]}}],"collection":[{"href":"https:\/\/orthophonie-en-ligne.com\/index.php\/wp-json\/wp\/v2\/pages"}],"about":[{"href":"https:\/\/orthophonie-en-ligne.com\/index.php\/wp-json\/wp\/v2\/types\/page"}],"author":[{"embeddable":true,"href":"https:\/\/orthophonie-en-ligne.com\/index.php\/wp-json\/wp\/v2\/users\/3"}],"replies":[{"embeddable":true,"href":"https:\/\/orthophonie-en-ligne.com\/index.php\/wp-json\/wp\/v2\/comments?post=24"}],"version-history":[{"count":42,"href":"https:\/\/orthophonie-en-ligne.com\/index.php\/wp-json\/wp\/v2\/pages\/24\/revisions"}],"predecessor-version":[{"id":799,"href":"https:\/\/orthophonie-en-ligne.com\/index.php\/wp-json\/wp\/v2\/pages\/24\/revisions\/799"}],"wp:attachment":[{"href":"https:\/\/orthophonie-en-ligne.com\/index.php\/wp-json\/wp\/v2\/media?parent=24"}],"curies":[{"name":"wp","href":"https:\/\/api.w.org\/{rel}","templated":true}]}}