{"id":145,"date":"2015-06-18T16:26:54","date_gmt":"2015-06-18T16:26:54","guid":{"rendered":"http:\/\/orthophonie-en-ligne.com\/?page_id=145"},"modified":"2023-10-27T06:59:37","modified_gmt":"2023-10-27T06:59:37","slug":"tele-orthophonie","status":"publish","type":"page","link":"https:\/\/orthophonie-en-ligne.com\/index.php\/teleorthophonie\/tele-orthophonie\/","title":{"rendered":"T\u00e9l\u00e9-orthophonie"},"content":{"rendered":"<div id=\"pl-145\"  class=\"panel-layout\" ><div id=\"pg-145-0\"  class=\"panel-grid panel-no-style\" ><div id=\"pgc-145-0-0\"  class=\"panel-grid-cell\" ><div id=\"panel-145-0-0-0\" class=\"so-panel widget widget_black-studio-tinymce widget_black_studio_tinymce panel-first-child\" data-index=\"0\" ><div class=\"textwidget\"><h2 style=\"text-align: center;\"><strong><span style=\"color: #339966;\">Qu'est-ce que la t\u00e9l\u00e9-orthophonie?<\/span><\/strong><\/h2>\n<p style=\"text-align: justify;\">\u00a0<\/p>\n<p style=\"text-align: justify;\">La s\u00e9ance d\u2019orthophonie en ligne \u00e9tablit une relation duelle, \u00ab\u00a0 en t\u00eate \u00e0 t\u00eate\u00a0\u00bb via la visioconf\u00e9rence, tr\u00e8s proche de celle exp\u00e9riment\u00e9e en cabinet<\/p>\n<p>Reconnue par l\u2019ASHA (American Speech-language Hearing Association) et l\u2019ATA (American T\u00e9l\u00e9m\u00e9decine Association), cette pratique est utilis\u00e9e depuis de nombreuses ann\u00e9es en Am\u00e9rique du Nord.<\/p>\n<h4><strong><span style=\"color: #000000;\">Les objectifs:<\/span><\/strong><\/h4>\n<ul>\n<li>Rendre l\u2019orthophonie accessible aux personnes vivant \u00e0 l\u2019\u00e9tranger ou \u00e9loign\u00e9es de toute orthophoniste de langue maternelle,<\/li>\n<li>Permettre une prise en charge rapide d\u00e8s l\u2019apparition des troubles ou une poursuite d\u2019un traitement orthophonique entrepris sans interruption p\u00e9nalisante.<\/li>\n<\/ul>\n<h4 style=\"text-align: justify;\"><span style=\"color: #000000;\"><strong>Le mat\u00e9riel n\u00e9cessaire:<\/strong><\/span><\/h4>\n<ul style=\"text-align: justify;\">\n<li>Aucun mat\u00e9riel complexe n\u2019est n\u00e9cessaire\u00a0: Une connexion internet haute vitesse, un ordinateur ou une tablette, un casque audio et une cam\u00e9ra.\u00a0 Gr\u00e2ce \u00e0 ce mat\u00e9riel, et sans rien t\u00e9l\u00e9charger, vous pourrez acc\u00e9der \u00e0 la plateforme de travail s\u00e9curis\u00e9e sur internet. Une plateforme hautement disponible aux performances in\u00e9gal\u00e9es. Il n'y a aucun logiciel compliqu\u00e9 \u00e0 installer ni mat\u00e9riel on\u00e9reux \u00e0 acheter.\u00a0<\/li>\n<\/ul>\n<h4 style=\"text-align: justify;\"><span style=\"color: #000000;\"><strong>Parmi les b\u00e9n\u00e9fices de la t\u00e9l\u00e9-orthophonie:<\/strong><\/span><\/h4>\n<ul style=\"text-align: justify;\">\n<li>Int\u00e9r\u00eat de l\u2019usage de l\u2019Espace personnel du patient\u00a0: Exercices et jeux personnalis\u00e9s \u00a0accessibles par le patient pendant et apr\u00e8s la s\u00e9ance gr\u00e2ce \u00e0 son espace personnel sur la plateforme.<\/li>\n<li>Int\u00e9r\u00eat de la s\u00e9ance \u00e0 domicile\u00a0: L\u2019environnement familier du domicile favorise la mise en confiance et l\u2019acquisition des comp\u00e9tences pour de nombreux patients.<\/li>\n<li>Gain de temps et r\u00e9duction du stress\u00a0: les d\u00e9placements jusqu\u2019au cabinet, la gestion de l\u2019emploi du temps du patient et des accompagnants, l\u2019horaire des s\u00e9ances, l\u2019\u00e9ventuelle liste d\u2019attente retardant le d\u00e9but des soins\u00a0: autant de probl\u00e9matiques qui sont simplifi\u00e9es voire \u00e9cart\u00e9es par la t\u00e9l\u00e9-orthophonie.<\/li>\n<li>Am\u00e9lioration des capacit\u00e9s de concentration des patients pr\u00e9sentant des troubles attentionnels engendr\u00e9e par la nature interactive de la s\u00e9ance et le port du casque audio.<\/li>\n<\/ul>\n<\/div><\/div><div id=\"panel-145-0-0-1\" class=\"so-panel widget widget_black-studio-tinymce widget_black_studio_tinymce panel-last-child\" data-index=\"1\" ><div class=\"textwidget\"><p style=\"text-align: center;\"><a href=\"https:\/\/www.facebook.com\/orthophonisteenligne\/\" target=\"_blank\">Orthophonie en Ligne sur Facebook<\/a><\/p>\n<\/div><\/div><\/div><div id=\"pgc-145-0-1\"  class=\"panel-grid-cell\" ><div id=\"panel-145-0-1-0\" class=\"so-panel widget widget_black-studio-tinymce widget_black_studio_tinymce panel-first-child\" data-index=\"2\" ><div class=\"textwidget\"><p>\u00a0<\/p>\n<p>\u00a0<\/p>\n<\/div><\/div><div id=\"panel-145-0-1-1\" class=\"so-panel widget widget_sow-cta\" data-index=\"3\" ><div\n\t\t\t\n\t\t\tclass=\"so-widget-sow-cta so-widget-sow-cta-default-4b4616b4bcb6-145\"\n\t\t\t\n\t\t><div\n\tclass=\"sow-cta-base\"\n\t>\n\t\n\t<div class=\"sow-cta-wrapper\">\n\n\t\t<div class=\"sow-cta-text\">\n\t\t\t\n\t\t\t\t\t<\/div>\n\n\t\t<div\n\t\t\t\n\t\t\tclass=\"so-widget-sow-button so-widget-sow-button-atom-e9b11c106f90\"\n\t\t\t\n\t\t><div class=\"ow-button-base ow-button-align-center\"\n>\n\t\t\t<a\n\t\t\t\t\thref=\"https:\/\/orthophonie-en-ligne.com\/index.php\/teleorthophonie\/pour-qui\/\"\n\t\t\t\t\tclass=\"sowb-button ow-icon-placement-left ow-button-hover\" \t>\n\t\t<span>\n\t\t\t<span class=\"sow-icon-fontawesome sow-fas\" data-sow-icon=\"&#xf16c;\"\n\t\tstyle=\"\" \n\t\taria-hidden=\"true\"><\/span>\n\t\t\tEn savoir plus sur les troubles trait\u00e9s\t\t<\/span>\n\t\t\t<\/a>\n\t<\/div>\n<\/div>\n\t<\/div>\n\n\t<\/div>\n<\/div><\/div><div id=\"panel-145-0-1-2\" class=\"so-panel widget widget_sow-cta\" data-index=\"4\" ><div\n\t\t\t\n\t\t\tclass=\"so-widget-sow-cta so-widget-sow-cta-default-4b4616b4bcb6-145\"\n\t\t\t\n\t\t><div\n\tclass=\"sow-cta-base\"\n\t>\n\t\n\t<div class=\"sow-cta-wrapper\">\n\n\t\t<div class=\"sow-cta-text\">\n\t\t\t\n\t\t\t\t\t<\/div>\n\n\t\t<div\n\t\t\t\n\t\t\tclass=\"so-widget-sow-button so-widget-sow-button-atom-e9b11c106f90\"\n\t\t\t\n\t\t><div class=\"ow-button-base ow-button-align-center\"\n>\n\t\t\t<a\n\t\t\t\t\thref=\"https:\/\/orthophonie-en-ligne.com\/index.php\/teleorthophonie\/fonctionnement\/\"\n\t\t\t\t\tclass=\"sowb-button ow-icon-placement-left ow-button-hover\" \t>\n\t\t<span>\n\t\t\t<span class=\"sow-icon-fontawesome sow-fas\" data-sow-icon=\"&#xf085;\"\n\t\tstyle=\"\" \n\t\taria-hidden=\"true\"><\/span>\n\t\t\tComment \u00e7a se d\u00e9roule\t\t<\/span>\n\t\t\t<\/a>\n\t<\/div>\n<\/div>\n\t<\/div>\n\n\t<\/div>\n<\/div><\/div><div id=\"panel-145-0-1-3\" class=\"so-panel widget widget_sow-cta panel-last-child\" data-index=\"5\" ><div\n\t\t\t\n\t\t\tclass=\"so-widget-sow-cta so-widget-sow-cta-default-4b4616b4bcb6-145\"\n\t\t\t\n\t\t><div\n\tclass=\"sow-cta-base\"\n\t>\n\t\n\t<div class=\"sow-cta-wrapper\">\n\n\t\t<div class=\"sow-cta-text\">\n\t\t\t\n\t\t\t\t\t<\/div>\n\n\t\t<div\n\t\t\t\n\t\t\tclass=\"so-widget-sow-button so-widget-sow-button-atom-e9b11c106f90\"\n\t\t\t\n\t\t><div class=\"ow-button-base ow-button-align-center\"\n>\n\t\t\t<a\n\t\t\t\t\thref=\"https:\/\/orthophonie-en-ligne.com\/index.php\/teleorthophonie\/contactez-moi\/\"\n\t\t\t\t\tclass=\"sowb-button ow-icon-placement-left ow-button-hover\" \t>\n\t\t<span>\n\t\t\t<span class=\"sow-icon-fontawesome sow-fas\" data-sow-icon=\"&#xf1da;\"\n\t\tstyle=\"\" \n\t\taria-hidden=\"true\"><\/span>\n\t\t\tPrendre rendez-vous\t\t<\/span>\n\t\t\t<\/a>\n\t<\/div>\n<\/div>\n\t<\/div>\n\n\t<\/div>\n<\/div><\/div><\/div><\/div><\/div>","protected":false},"excerpt":{"rendered":"<p>Qu&#8217;est-ce que la t\u00e9l\u00e9-orthophonie?\u00a0La s\u00e9ance d\u2019orthophonie en ligne \u00e9tablit une relation duelle, \u00ab\u00a0 en t\u00eate \u00e0 t\u00eate\u00a0\u00bb via la visioconf\u00e9rence, tr\u00e8s proche de celle exp\u00e9riment\u00e9e en cabinetReconnue par l\u2019ASHA (American Speech-language Hearing Association) et l\u2019ATA (American T\u00e9l\u00e9m\u00e9decine Association), cette pratique est utilis\u00e9e depuis de nombreuses ann\u00e9es en Am\u00e9rique du Nord.Les objectifs:Rendre l\u2019orthophonie accessible aux personnes [&hellip;]<\/p>\n","protected":false},"author":3,"featured_media":0,"parent":24,"menu_order":0,"comment_status":"open","ping_status":"closed","template":"home-panels.php","meta":{"footnotes":""},"class_list":["post-145","page","type-page","status-publish","hentry","post"],"yoast_head":"<!-- This site is optimized with the Yoast SEO plugin v27.1.1 - https:\/\/yoast.com\/product\/yoast-seo-wordpress\/ -->\n<title>t\u00e9l\u00e9 orthophonie<\/title>\n<meta name=\"description\" content=\"dyscalculie, apprentissage, \u00e9chec scolaire, retard ,trouble, autisme, orthographe, apprentissage, d\u00e9veloppement ,aphasie, neurologie, visioconf\u00e9rence\" \/>\n<meta name=\"robots\" content=\"index, follow, max-snippet:-1, max-image-preview:large, max-video-preview:-1\" \/>\n<link rel=\"canonical\" href=\"https:\/\/orthophonie-en-ligne.com\/index.php\/teleorthophonie\/tele-orthophonie\/\" \/>\n<meta property=\"og:locale\" content=\"en_US\" \/>\n<meta property=\"og:type\" content=\"article\" \/>\n<meta property=\"og:title\" content=\"t\u00e9l\u00e9 orthophonie\" \/>\n<meta property=\"og:description\" content=\"dyscalculie, apprentissage, \u00e9chec scolaire, retard ,trouble, autisme, orthographe, apprentissage, d\u00e9veloppement ,aphasie, neurologie, visioconf\u00e9rence\" \/>\n<meta property=\"og:url\" content=\"https:\/\/orthophonie-en-ligne.com\/index.php\/teleorthophonie\/tele-orthophonie\/\" \/>\n<meta property=\"og:site_name\" content=\"orthophonieenligne\" \/>\n<meta property=\"article:modified_time\" content=\"2023-10-27T06:59:37+00:00\" \/>\n<meta name=\"twitter:card\" content=\"summary_large_image\" \/>\n<meta name=\"twitter:label1\" content=\"Est. reading time\" \/>\n\t<meta name=\"twitter:data1\" content=\"2 minutes\" \/>\n<script type=\"application\/ld+json\" class=\"yoast-schema-graph\">{\"@context\":\"https:\/\/schema.org\",\"@graph\":[{\"@type\":\"WebPage\",\"@id\":\"https:\/\/orthophonie-en-ligne.com\/index.php\/teleorthophonie\/tele-orthophonie\/\",\"url\":\"https:\/\/orthophonie-en-ligne.com\/index.php\/teleorthophonie\/tele-orthophonie\/\",\"name\":\"t\u00e9l\u00e9 orthophonie\",\"isPartOf\":{\"@id\":\"https:\/\/orthophonie-en-ligne.com\/#website\"},\"datePublished\":\"2015-06-18T16:26:54+00:00\",\"dateModified\":\"2023-10-27T06:59:37+00:00\",\"description\":\"dyscalculie, apprentissage, \u00e9chec scolaire, retard ,trouble, autisme, orthographe, apprentissage, d\u00e9veloppement ,aphasie, neurologie, visioconf\u00e9rence\",\"breadcrumb\":{\"@id\":\"https:\/\/orthophonie-en-ligne.com\/index.php\/teleorthophonie\/tele-orthophonie\/#breadcrumb\"},\"inLanguage\":\"en-US\",\"potentialAction\":[{\"@type\":\"ReadAction\",\"target\":[\"https:\/\/orthophonie-en-ligne.com\/index.php\/teleorthophonie\/tele-orthophonie\/\"]}]},{\"@type\":\"BreadcrumbList\",\"@id\":\"https:\/\/orthophonie-en-ligne.com\/index.php\/teleorthophonie\/tele-orthophonie\/#breadcrumb\",\"itemListElement\":[{\"@type\":\"ListItem\",\"position\":1,\"name\":\"Home\",\"item\":\"https:\/\/orthophonie-en-ligne.com\/\"},{\"@type\":\"ListItem\",\"position\":2,\"name\":\"Accueil\",\"item\":\"https:\/\/orthophonie-en-ligne.com\/\"},{\"@type\":\"ListItem\",\"position\":3,\"name\":\"T\u00e9l\u00e9-orthophonie\"}]},{\"@type\":\"WebSite\",\"@id\":\"https:\/\/orthophonie-en-ligne.com\/#website\",\"url\":\"https:\/\/orthophonie-en-ligne.com\/\",\"name\":\"orthophonieenligne\",\"description\":\"T\u00e9l\u00e9 Orthophonie\",\"potentialAction\":[{\"@type\":\"SearchAction\",\"target\":{\"@type\":\"EntryPoint\",\"urlTemplate\":\"https:\/\/orthophonie-en-ligne.com\/?s={search_term_string}\"},\"query-input\":{\"@type\":\"PropertyValueSpecification\",\"valueRequired\":true,\"valueName\":\"search_term_string\"}}],\"inLanguage\":\"en-US\"}]}<\/script>\n<!-- \/ Yoast SEO plugin. -->","yoast_head_json":{"title":"t\u00e9l\u00e9 orthophonie","description":"dyscalculie, apprentissage, \u00e9chec scolaire, retard ,trouble, autisme, orthographe, apprentissage, d\u00e9veloppement ,aphasie, neurologie, visioconf\u00e9rence","robots":{"index":"index","follow":"follow","max-snippet":"max-snippet:-1","max-image-preview":"max-image-preview:large","max-video-preview":"max-video-preview:-1"},"canonical":"https:\/\/orthophonie-en-ligne.com\/index.php\/teleorthophonie\/tele-orthophonie\/","og_locale":"en_US","og_type":"article","og_title":"t\u00e9l\u00e9 orthophonie","og_description":"dyscalculie, apprentissage, \u00e9chec scolaire, retard ,trouble, autisme, orthographe, apprentissage, d\u00e9veloppement ,aphasie, neurologie, visioconf\u00e9rence","og_url":"https:\/\/orthophonie-en-ligne.com\/index.php\/teleorthophonie\/tele-orthophonie\/","og_site_name":"orthophonieenligne","article_modified_time":"2023-10-27T06:59:37+00:00","twitter_card":"summary_large_image","twitter_misc":{"Est. reading time":"2 minutes"},"schema":{"@context":"https:\/\/schema.org","@graph":[{"@type":"WebPage","@id":"https:\/\/orthophonie-en-ligne.com\/index.php\/teleorthophonie\/tele-orthophonie\/","url":"https:\/\/orthophonie-en-ligne.com\/index.php\/teleorthophonie\/tele-orthophonie\/","name":"t\u00e9l\u00e9 orthophonie","isPartOf":{"@id":"https:\/\/orthophonie-en-ligne.com\/#website"},"datePublished":"2015-06-18T16:26:54+00:00","dateModified":"2023-10-27T06:59:37+00:00","description":"dyscalculie, apprentissage, \u00e9chec scolaire, retard ,trouble, autisme, orthographe, apprentissage, d\u00e9veloppement ,aphasie, neurologie, visioconf\u00e9rence","breadcrumb":{"@id":"https:\/\/orthophonie-en-ligne.com\/index.php\/teleorthophonie\/tele-orthophonie\/#breadcrumb"},"inLanguage":"en-US","potentialAction":[{"@type":"ReadAction","target":["https:\/\/orthophonie-en-ligne.com\/index.php\/teleorthophonie\/tele-orthophonie\/"]}]},{"@type":"BreadcrumbList","@id":"https:\/\/orthophonie-en-ligne.com\/index.php\/teleorthophonie\/tele-orthophonie\/#breadcrumb","itemListElement":[{"@type":"ListItem","position":1,"name":"Home","item":"https:\/\/orthophonie-en-ligne.com\/"},{"@type":"ListItem","position":2,"name":"Accueil","item":"https:\/\/orthophonie-en-ligne.com\/"},{"@type":"ListItem","position":3,"name":"T\u00e9l\u00e9-orthophonie"}]},{"@type":"WebSite","@id":"https:\/\/orthophonie-en-ligne.com\/#website","url":"https:\/\/orthophonie-en-ligne.com\/","name":"orthophonieenligne","description":"T\u00e9l\u00e9 Orthophonie","potentialAction":[{"@type":"SearchAction","target":{"@type":"EntryPoint","urlTemplate":"https:\/\/orthophonie-en-ligne.com\/?s={search_term_string}"},"query-input":{"@type":"PropertyValueSpecification","valueRequired":true,"valueName":"search_term_string"}}],"inLanguage":"en-US"}]}},"_links":{"self":[{"href":"https:\/\/orthophonie-en-ligne.com\/index.php\/wp-json\/wp\/v2\/pages\/145","targetHints":{"allow":["GET"]}}],"collection":[{"href":"https:\/\/orthophonie-en-ligne.com\/index.php\/wp-json\/wp\/v2\/pages"}],"about":[{"href":"https:\/\/orthophonie-en-ligne.com\/index.php\/wp-json\/wp\/v2\/types\/page"}],"author":[{"embeddable":true,"href":"https:\/\/orthophonie-en-ligne.com\/index.php\/wp-json\/wp\/v2\/users\/3"}],"replies":[{"embeddable":true,"href":"https:\/\/orthophonie-en-ligne.com\/index.php\/wp-json\/wp\/v2\/comments?post=145"}],"version-history":[{"count":47,"href":"https:\/\/orthophonie-en-ligne.com\/index.php\/wp-json\/wp\/v2\/pages\/145\/revisions"}],"predecessor-version":[{"id":801,"href":"https:\/\/orthophonie-en-ligne.com\/index.php\/wp-json\/wp\/v2\/pages\/145\/revisions\/801"}],"up":[{"embeddable":true,"href":"https:\/\/orthophonie-en-ligne.com\/index.php\/wp-json\/wp\/v2\/pages\/24"}],"wp:attachment":[{"href":"https:\/\/orthophonie-en-ligne.com\/index.php\/wp-json\/wp\/v2\/media?parent=145"}],"curies":[{"name":"wp","href":"https:\/\/api.w.org\/{rel}","templated":true}]}}